{"id":1061,"date":"2018-04-19T18:15:52","date_gmt":"2018-04-19T16:15:52","guid":{"rendered":"https:\/\/www.guitarrasesquivias.com\/?page_id=1061"},"modified":"2025-01-07T19:49:00","modified_gmt":"2025-01-07T18:49:00","slug":"quien-es-esquivias","status":"publish","type":"page","link":"https:\/\/www.guitarrasesquivias.com\/en\/quien-es-esquivias\/","title":{"rendered":"Who is Esquivias?"},"content":{"rendered":"<hr \/>\n<p><img loading=\"lazy\" decoding=\"async\" src=\"https:\/\/www.guitarrasesquivias.com\/wp-content\/uploads\/2018\/04\/IMG_2012-300x129.jpg\" alt=\"\" width=\"300\" height=\"129\" class=\"aligncenter wp-image-1725 size-medium\" srcset=\"https:\/\/www.guitarrasesquivias.com\/wp-content\/uploads\/2018\/04\/IMG_2012-300x129.jpg 300w, https:\/\/www.guitarrasesquivias.com\/wp-content\/uploads\/2018\/04\/IMG_2012-768x330.jpg 768w, https:\/\/www.guitarrasesquivias.com\/wp-content\/uploads\/2018\/04\/IMG_2012-1024x440.jpg 1024w, https:\/\/www.guitarrasesquivias.com\/wp-content\/uploads\/2018\/04\/IMG_2012.jpg 1400w\" sizes=\"auto, (max-width: 300px) 100vw, 300px\" \/><\/p>\n<p>Since I was fourteen, I've had a guitar in my hands. I have played alone and in duet, forming a band with my friends, I have composed music, recorded...<\/p>\n<p>So, like many things that happen in life, I begin to fix, adjust and restore my own guitars. And from there, almost without thinking about it, I wanted to design and build them.<\/p>\n<p><img loading=\"lazy\" decoding=\"async\" src=\"https:\/\/www.guitarrasesquivias.com\/wp-content\/uploads\/2018\/04\/IMG_2033-300x129.jpg\" alt=\"\" width=\"300\" height=\"129\" class=\"aligncenter wp-image-1726 size-medium\" srcset=\"https:\/\/www.guitarrasesquivias.com\/wp-content\/uploads\/2018\/04\/IMG_2033-300x129.jpg 300w, https:\/\/www.guitarrasesquivias.com\/wp-content\/uploads\/2018\/04\/IMG_2033-768x331.jpg 768w, https:\/\/www.guitarrasesquivias.com\/wp-content\/uploads\/2018\/04\/IMG_2033-1024x441.jpg 1024w, https:\/\/www.guitarrasesquivias.com\/wp-content\/uploads\/2018\/04\/IMG_2033.jpg 1400w\" sizes=\"auto, (max-width: 300px) 100vw, 300px\" \/><\/p>\n<p>I read and study manuals and the fundamental books, I broaden my knowledge and prepare myself with <a href=\"https:\/\/www.facebook.com\/buitanoguitarsandbasses\/\" target=\"_blank\" rel=\"noopener noreferrer\">Marco Buitano<\/a>\u00a0and <a href=\"http:\/\/chorobo.com\/es\/curso-presencial-de-construccion-de-guitarra-espanola\/\" target=\"_blank\" rel=\"noopener noreferrer\">Paco Chorobo<\/a>, admirable masters as well as brilliant luthiers whom I consider friends.<\/p>\n<p>I stop any longer. I just can't anymore. And I experiment, I build, I check, I experiment again, I refine... And Esquivias guitars comes naturally.<\/p>\n<h3 style=\"text-align: center;\"><em><img loading=\"lazy\" decoding=\"async\" src=\"https:\/\/www.guitarrasesquivias.com\/wp-content\/uploads\/2018\/04\/IMG_2533-300x150.jpg\" alt=\"\" width=\"300\" height=\"150\" class=\"aligncenter wp-image-1729 size-medium\" srcset=\"https:\/\/www.guitarrasesquivias.com\/wp-content\/uploads\/2018\/04\/IMG_2533-300x150.jpg 300w, https:\/\/www.guitarrasesquivias.com\/wp-content\/uploads\/2018\/04\/IMG_2533-768x383.jpg 768w, https:\/\/www.guitarrasesquivias.com\/wp-content\/uploads\/2018\/04\/IMG_2533-1024x511.jpg 1024w, https:\/\/www.guitarrasesquivias.com\/wp-content\/uploads\/2018\/04\/IMG_2533.jpg 1400w\" sizes=\"auto, (max-width: 300px) 100vw, 300px\" \/><\/em><a href=\"https:\/\/www.guitarrasesquivias.com\/en\/contactar\/\"><strong>Would you like one?<\/strong><\/a><\/h3>\n<p style=\"text-align: right;\">My name is Eduardo Esquivias.<\/p>\n<hr \/>\n<p style=\"text-align: right;\"><span style=\"color: #ccc8c8;\">01<\/span><span style=\"color: #ccc8c8;\">025<\/span><\/p>","protected":false},"excerpt":{"rendered":"<p>Desde que ten\u00eda catorce a\u00f1os he tenido una guitarra entre mis manos. He tocado solo y en d\u00fao, formando banda con mis amigos, he compuesto m\u00fasica, grabado&#8230; As\u00ed, como muchas cosas que ocurren en la vida, empiezo a arreglar, ajustar y restaurar mis propias guitarras. Y de ah\u00ed, casi sin [&hellip;]<\/p>\n","protected":false},"author":1,"featured_media":0,"parent":0,"menu_order":0,"comment_status":"closed","ping_status":"closed","template":"","meta":{"footnotes":""},"class_list":["post-1061","page","type-page","status-publish","hentry"],"_links":{"self":[{"href":"https:\/\/www.guitarrasesquivias.com\/en\/wp-json\/wp\/v2\/pages\/1061","targetHints":{"allow":["GET"]}}],"collection":[{"href":"https:\/\/www.guitarrasesquivias.com\/en\/wp-json\/wp\/v2\/pages"}],"about":[{"href":"https:\/\/www.guitarrasesquivias.com\/en\/wp-json\/wp\/v2\/types\/page"}],"author":[{"embeddable":true,"href":"https:\/\/www.guitarrasesquivias.com\/en\/wp-json\/wp\/v2\/users\/1"}],"replies":[{"embeddable":true,"href":"https:\/\/www.guitarrasesquivias.com\/en\/wp-json\/wp\/v2\/comments?post=1061"}],"version-history":[{"count":37,"href":"https:\/\/www.guitarrasesquivias.com\/en\/wp-json\/wp\/v2\/pages\/1061\/revisions"}],"predecessor-version":[{"id":4823,"href":"https:\/\/www.guitarrasesquivias.com\/en\/wp-json\/wp\/v2\/pages\/1061\/revisions\/4823"}],"wp:attachment":[{"href":"https:\/\/www.guitarrasesquivias.com\/en\/wp-json\/wp\/v2\/media?parent=1061"}],"curies":[{"name":"wp","href":"https:\/\/api.w.org\/{rel}","templated":true}]}}