{"id":1063,"date":"2018-04-19T18:24:31","date_gmt":"2018-04-19T16:24:31","guid":{"rendered":"https:\/\/www.guitarrasesquivias.com\/?page_id=1063"},"modified":"2025-01-07T19:50:15","modified_gmt":"2025-01-07T18:50:15","slug":"espiritu-y-principios","status":"publish","type":"page","link":"https:\/\/www.guitarrasesquivias.com\/en\/espiritu-y-principios\/","title":{"rendered":"Spirit and principles"},"content":{"rendered":"<hr \/>\n<p>As a brief statement of intent, I would like to express what Guitarras Esquivias is, its principles and its spirit.<\/p>\n<p>- I fully and humbly identify with what a brilliant artist from Malaga named Pablo said:<\/p>\n<p><em>\u00abEl pintor es un hombre que pinta lo que vende. El artista es aquel que vende lo que pinta.\u00bb<\/em><\/p>\n<p>The spirit of freedom and independence that I understand in this thinking against other tendencies and interests, modestly inspires my creation to handmade each Esquivias electric guitar.<\/p>\n<p><img loading=\"lazy\" decoding=\"async\" src=\"https:\/\/www.guitarrasesquivias.com\/wp-content\/uploads\/2018\/04\/509-300x171.jpg\" alt=\"\" width=\"300\" height=\"171\" class=\"aligncenter wp-image-1733 size-medium\" srcset=\"https:\/\/www.guitarrasesquivias.com\/wp-content\/uploads\/2018\/04\/509-300x171.jpg 300w, https:\/\/www.guitarrasesquivias.com\/wp-content\/uploads\/2018\/04\/509-768x438.jpg 768w, https:\/\/www.guitarrasesquivias.com\/wp-content\/uploads\/2018\/04\/509-1024x584.jpg 1024w, https:\/\/www.guitarrasesquivias.com\/wp-content\/uploads\/2018\/04\/509.jpg 1400w\" sizes=\"auto, (max-width: 300px) 100vw, 300px\" \/><\/p>\n<p>- Trust, respect, clarity, responsibility, prudence and honesty are principles that bind me and that also compromise any type of relationship that would be established.<\/p>\n<p>- I handcraft guitars, electric guitars. The CNC is OK but it's not my thing. I make\u00a0<strong><\/strong>each electric guitar by hand from scratch and one by one,<strong>\u00a0<\/strong>using and waiting the necessary time for each task.<\/p>\n<p><img loading=\"lazy\" decoding=\"async\" src=\"https:\/\/www.guitarrasesquivias.com\/wp-content\/uploads\/2018\/04\/562-300x173.jpg\" alt=\"\" width=\"300\" height=\"173\" class=\"aligncenter wp-image-1731 size-medium\" srcset=\"https:\/\/www.guitarrasesquivias.com\/wp-content\/uploads\/2018\/04\/562-300x173.jpg 300w, https:\/\/www.guitarrasesquivias.com\/wp-content\/uploads\/2018\/04\/562-768x444.jpg 768w, https:\/\/www.guitarrasesquivias.com\/wp-content\/uploads\/2018\/04\/562-1024x592.jpg 1024w, https:\/\/www.guitarrasesquivias.com\/wp-content\/uploads\/2018\/04\/562.jpg 1400w\" sizes=\"auto, (max-width: 300px) 100vw, 300px\" \/><\/p>\n<p>- I keep the traditional wisdom about the rules, guidelines and measurements already tested in the most renowned models of electric guitars.<\/p>\n<p>- I use wood that is at the right point to be worked. Although it is already treated and dried from the Madrid supplier, it then rests in my workshop to see how it behaves. For electronics and other elements, I use parts and components from the most common international brands.<\/p>\n<p><img loading=\"lazy\" decoding=\"async\" src=\"https:\/\/www.guitarrasesquivias.com\/wp-content\/uploads\/2018\/04\/IMG_2112-300x177.jpg\" alt=\"\" width=\"300\" height=\"177\" class=\"aligncenter wp-image-1732 size-medium\" srcset=\"https:\/\/www.guitarrasesquivias.com\/wp-content\/uploads\/2018\/04\/IMG_2112-300x177.jpg 300w, https:\/\/www.guitarrasesquivias.com\/wp-content\/uploads\/2018\/04\/IMG_2112-768x454.jpg 768w, https:\/\/www.guitarrasesquivias.com\/wp-content\/uploads\/2018\/04\/IMG_2112-1024x605.jpg 1024w, https:\/\/www.guitarrasesquivias.com\/wp-content\/uploads\/2018\/04\/IMG_2112.jpg 1400w\" sizes=\"auto, (max-width: 300px) 100vw, 300px\" \/><\/p>\n<p>- I can offer an instrument of the highest quality with an adjusted cost in any option.<\/p>\n<hr \/>\n<p style=\"text-align: right;\"><span style=\"color: #ccc8c8;\">01025<\/span><\/p>","protected":false},"excerpt":{"rendered":"<p>A modo de breve\u00a0declaraci\u00f3n de intenciones, me gustar\u00eda manifestar lo que Guitarras Esquivias es, sus principios y su esp\u00edritu. &#8211; Me identifico plena y humildemente con lo que afirm\u00f3 un genial artista malague\u00f1o de nombre Pablo: \u00abEl pintor es un hombre que pinta lo que vende. El artista es aquel [&hellip;]<\/p>\n","protected":false},"author":1,"featured_media":0,"parent":0,"menu_order":0,"comment_status":"closed","ping_status":"closed","template":"","meta":{"footnotes":""},"class_list":["post-1063","page","type-page","status-publish","hentry"],"_links":{"self":[{"href":"https:\/\/www.guitarrasesquivias.com\/en\/wp-json\/wp\/v2\/pages\/1063","targetHints":{"allow":["GET"]}}],"collection":[{"href":"https:\/\/www.guitarrasesquivias.com\/en\/wp-json\/wp\/v2\/pages"}],"about":[{"href":"https:\/\/www.guitarrasesquivias.com\/en\/wp-json\/wp\/v2\/types\/page"}],"author":[{"embeddable":true,"href":"https:\/\/www.guitarrasesquivias.com\/en\/wp-json\/wp\/v2\/users\/1"}],"replies":[{"embeddable":true,"href":"https:\/\/www.guitarrasesquivias.com\/en\/wp-json\/wp\/v2\/comments?post=1063"}],"version-history":[{"count":40,"href":"https:\/\/www.guitarrasesquivias.com\/en\/wp-json\/wp\/v2\/pages\/1063\/revisions"}],"predecessor-version":[{"id":4825,"href":"https:\/\/www.guitarrasesquivias.com\/en\/wp-json\/wp\/v2\/pages\/1063\/revisions\/4825"}],"wp:attachment":[{"href":"https:\/\/www.guitarrasesquivias.com\/en\/wp-json\/wp\/v2\/media?parent=1063"}],"curies":[{"name":"wp","href":"https:\/\/api.w.org\/{rel}","templated":true}]}}