{"id":2650,"date":"2018-10-23T17:57:52","date_gmt":"2018-10-23T15:57:52","guid":{"rendered":"https:\/\/www.guitarrasesquivias.com\/?page_id=2650"},"modified":"2019-12-26T19:23:01","modified_gmt":"2019-12-26T18:23:01","slug":"contactar","status":"publish","type":"page","link":"https:\/\/www.guitarrasesquivias.com\/en\/contactar\/","title":{"rendered":"Contact"},"content":{"rendered":"<p><span><div class=\"wpforms-container wpforms-container-full\" id=\"wpforms-2667\"><form id=\"wpforms-form-2667\" class=\"wpforms-validate wpforms-form\" data-formid=\"2667\" method=\"post\" enctype=\"multipart\/form-data\" action=\"\/en\/wp-json\/wp\/v2\/pages\/2650\" data-token=\"1274330dfc6afed6f92d07252f3f2e07\" data-token-time=\"1778190946\"><noscript class=\"wpforms-error-noscript\">Please enable JavaScript in your browser to complete this form.<\/noscript><div class=\"wpforms-field-container\"><div id=\"wpforms-2667-field_7-container\" class=\"wpforms-field wpforms-field-text\" data-field-id=\"7\"><label class=\"wpforms-field-label\" for=\"wpforms-2667-field_7\">Nombre <span class=\"wpforms-required-label\">*<\/span><\/label><input type=\"text\" id=\"wpforms-2667-field_7\" class=\"wpforms-field-medium wpforms-field-required\" name=\"wpforms[fields][7]\" required><\/div><div id=\"wpforms-2667-field_1-container\" class=\"wpforms-field wpforms-field-email\" data-field-id=\"1\"><label class=\"wpforms-field-label\" for=\"wpforms-2667-field_1\">Correo electr\u00f3nico <span class=\"wpforms-required-label\">*<\/span><\/label><input type=\"email\" id=\"wpforms-2667-field_1\" class=\"wpforms-field-medium wpforms-field-required\" name=\"wpforms[fields][1]\" spellcheck=\"false\" required><\/div><div id=\"wpforms-2667-field_2-container\" class=\"wpforms-field wpforms-field-textarea\" data-field-id=\"2\"><label class=\"wpforms-field-label\" for=\"wpforms-2667-field_2\">Mensaje o comentario <span class=\"wpforms-required-label\">*<\/span><\/label><textarea id=\"wpforms-2667-field_2\" class=\"wpforms-field-medium wpforms-field-required\" name=\"wpforms[fields][2]\" required><\/textarea><\/div><div id=\"wpforms-2667-field_3-container\" class=\"wpforms-field wpforms-field-gdpr-checkbox\" data-field-id=\"3\"><label class=\"wpforms-field-label\">R.G.P.D <span class=\"wpforms-required-label\">*<\/span><\/label><ul id=\"wpforms-2667-field_3\" class=\"wpforms-field-required\"><li class=\"choice-1\"><input type=\"checkbox\" id=\"wpforms-2667-field_3_1\" name=\"wpforms[fields][3][]\" value=\"He le\u00eddo y acepto las condiciones y pol\u00edtica de privacidad de esta p\u00e1gina. Y doy mi consentimiento expl\u00edcito si hago clic en ENVIAR.\" required ><label class=\"wpforms-field-label-inline\" for=\"wpforms-2667-field_3_1\">He le\u00eddo y acepto las condiciones y pol\u00edtica de privacidad de esta p\u00e1gina. Y doy mi consentimiento expl\u00edcito si hago clic en ENVIAR.<\/label><\/li><\/ul><\/div><\/div><!-- .wpforms-field-container --><div class=\"wpforms-field wpforms-field-hp\"><label for=\"wpforms-2667-field-hp\" class=\"wpforms-field-label\">Message<\/label><input type=\"text\" name=\"wpforms[hp]\" id=\"wpforms-2667-field-hp\" class=\"wpforms-field-medium\"><\/div><div class=\"wpforms-recaptcha-container wpforms-is-recaptcha wpforms-is-recaptcha-type-v2\" ><div class=\"g-recaptcha\" data-sitekey=\"6Lf33kMUAAAAAL8H6j87jjLlUBKBGmtgElzz9hBD\"><\/div><input type=\"text\" name=\"g-recaptcha-hidden\" class=\"wpforms-recaptcha-hidden\" style=\"position:absolute!important;clip:rect(0,0,0,0)!important;height:1px!important;width:1px!important;border:0!important;overflow:hidden!important;padding:0!important;margin:0!important;\" data-rule-recaptcha=\"1\"><\/div><div class=\"wpforms-submit-container\" ><input type=\"hidden\" name=\"wpforms[id]\" value=\"2667\"><input type=\"hidden\" name=\"page_title\" value=\"\"><input type=\"hidden\" name=\"page_url\" value=\"https:\/\/www.guitarrasesquivias.com\/en\/wp-json\/wp\/v2\/pages\/2650\"><input type=\"hidden\" name=\"url_referer\" value=\"\"><button type=\"submit\" name=\"wpforms[submit]\" id=\"wpforms-submit-2667\" class=\"wpforms-submit\" aria-live=\"assertive\" value=\"wpforms-submit\">ENVIAR<\/button><\/div><\/form><\/div>  <!-- .wpforms-container --><\/span><\/p>\n<p>Puedes leer la <a href=\"https:\/\/www.guitarrasesquivias.com\/politica-de-privacidad-y-condiciones-de-uso\/\">Pol\u00edtica de Privacidad y Condiciones de Uso<\/a>&nbsp;de esta p\u00e1gina.<\/p>\n<p><strong>Cl\u00e1usula informativa<\/strong>:<\/p>\n<p>En Guitarras Esquivias trato la informaci\u00f3n que me facilitas por correo electr\u00f3nico con el \u00fanico fin de contestar las preguntas, resolver las dudas y atender las peticiones o consultas que tengas sobre las guitarras que aparecen en<a href=\"http:\/\/www.guitarrasesquivias.com\">&nbsp;www.guitarrasesquivias.com&nbsp;<\/a>y la construcci\u00f3n de las mismas o de otras. No necesito ni quiero conservar los datos en absoluto. S\u00f3lo los estrictamente necesarios y durante el tiempo que mantengamos contacto y\/o relaci\u00f3n por motivo de lo dicho anteriormente, por las guitarras. De todas maneras, podr\u00e1s pedirme que rectifique los datos que sean inexactos o que los elimine por e-mail <a href=\"mailto:info@guitarrasesquivias.com\">info@guitarrasesquivias.com<\/a>&nbsp;cuando consideres que ya no son necesarios para los fines que fueron recogidos. No tengo la m\u00e1s m\u00ednima intenci\u00f3n de ceder tus datos a terceros salvo en los casos en que exista una obligaci\u00f3n legal.<\/p>\n<h5><em><span style=\"color: #339966;\"><strong>Gracias por interesarte en las guitarras Esquivias<\/strong><\/span><\/em><span style=\"color: #339966;\">.<\/span><\/h5>\n<hr>\n","protected":false},"excerpt":{"rendered":"<p>Puedes leer la Pol\u00edtica de Privacidad y Condiciones de Uso&nbsp;de esta p\u00e1gina. Cl\u00e1usula informativa: En Guitarras Esquivias trato la informaci\u00f3n que me facilitas por correo electr\u00f3nico con el \u00fanico fin de contestar las preguntas, resolver las dudas y atender las peticiones o consultas que tengas sobre las guitarras que aparecen [&hellip;]<\/p>\n","protected":false},"author":1,"featured_media":0,"parent":0,"menu_order":0,"comment_status":"closed","ping_status":"closed","template":"","meta":{"footnotes":""},"class_list":["post-2650","page","type-page","status-publish","hentry"],"_links":{"self":[{"href":"https:\/\/www.guitarrasesquivias.com\/en\/wp-json\/wp\/v2\/pages\/2650","targetHints":{"allow":["GET"]}}],"collection":[{"href":"https:\/\/www.guitarrasesquivias.com\/en\/wp-json\/wp\/v2\/pages"}],"about":[{"href":"https:\/\/www.guitarrasesquivias.com\/en\/wp-json\/wp\/v2\/types\/page"}],"author":[{"embeddable":true,"href":"https:\/\/www.guitarrasesquivias.com\/en\/wp-json\/wp\/v2\/users\/1"}],"replies":[{"embeddable":true,"href":"https:\/\/www.guitarrasesquivias.com\/en\/wp-json\/wp\/v2\/comments?post=2650"}],"version-history":[{"count":0,"href":"https:\/\/www.guitarrasesquivias.com\/en\/wp-json\/wp\/v2\/pages\/2650\/revisions"}],"wp:attachment":[{"href":"https:\/\/www.guitarrasesquivias.com\/en\/wp-json\/wp\/v2\/media?parent=2650"}],"curies":[{"name":"wp","href":"https:\/\/api.w.org\/{rel}","templated":true}]}}