{"id":3220,"date":"2019-07-06T00:20:34","date_gmt":"2019-07-05T22:20:34","guid":{"rendered":"https:\/\/www.guitarrasesquivias.com\/?page_id=3220"},"modified":"2020-12-04T20:59:27","modified_gmt":"2020-12-04T19:59:27","slug":"frankenstrat","status":"publish","type":"page","link":"https:\/\/www.guitarrasesquivias.com\/en\/frankenstrat\/","title":{"rendered":"Frankencaster"},"content":{"rendered":"<p>Information and features:<\/p>\n<h1><a href=\"https:\/\/www.guitarrasesquivias.com\/wp-content\/uploads\/2020\/12\/ESPEC.-Frankenca\u0301ster.pdf\"><span style=\"color: #99cc00;\">Frankencaster<\/span><\/a><\/h1>\n<hr \/>\n<p>Esquivias Frankencaster imitation F-ST, a classic style guitar.<\/p>\n<p><a href=\"https:\/\/www.guitarrasesquivias.com\/wp-content\/uploads\/2019\/09\/Enteradef.jpg\"><img loading=\"lazy\" decoding=\"async\" src=\"https:\/\/www.guitarrasesquivias.com\/wp-content\/uploads\/2019\/09\/Enteradef-1024x405.jpg\" alt=\"\" width=\"750\" height=\"297\" class=\"aligncenter wp-image-3341 size-large\" srcset=\"https:\/\/www.guitarrasesquivias.com\/wp-content\/uploads\/2019\/09\/Enteradef-1024x405.jpg 1024w, https:\/\/www.guitarrasesquivias.com\/wp-content\/uploads\/2019\/09\/Enteradef-300x119.jpg 300w, https:\/\/www.guitarrasesquivias.com\/wp-content\/uploads\/2019\/09\/Enteradef-768x304.jpg 768w\" sizes=\"auto, (max-width: 750px) 100vw, 750px\" \/><\/a><\/p>\n<p>La imaginaci\u00f3n de Lady Wollstonecraft invent\u00f3 la prodigiosa historia g\u00f3tica cl\u00e1sica que me ha inspirado para \u00abreconstruir\u00bb esta cl\u00e1sica de la historia.<\/p>\n<p>Made with forgotten and lifeless parts of other guitars, with pieces that barely held any hope of ever being part of an instrument and being alive again on another new guitar.<\/p>\n<p><a href=\"https:\/\/www.guitarrasesquivias.com\/wp-content\/uploads\/2019\/09\/Enteratras.jpg\"><img loading=\"lazy\" decoding=\"async\" src=\"https:\/\/www.guitarrasesquivias.com\/wp-content\/uploads\/2019\/09\/Enteratras-1024x397.jpg\" alt=\"\" width=\"750\" height=\"291\" class=\"aligncenter wp-image-3342 size-large\" srcset=\"https:\/\/www.guitarrasesquivias.com\/wp-content\/uploads\/2019\/09\/Enteratras-1024x397.jpg 1024w, https:\/\/www.guitarrasesquivias.com\/wp-content\/uploads\/2019\/09\/Enteratras-300x116.jpg 300w, https:\/\/www.guitarrasesquivias.com\/wp-content\/uploads\/2019\/09\/Enteratras-768x298.jpg 768w\" sizes=\"auto, (max-width: 750px) 100vw, 750px\" \/><\/a><\/p>\n<p>Some parts are built to measure others, adapting these dimensions to those others and recreating some forms.<\/p>\n<p>In short, a classical electric guitar that shows its tares, marks and scars openly, as well as its sensitive and modest core full of a bright, soft and full sound.<\/p>\n<p><a href=\"https:\/\/www.guitarrasesquivias.com\/wp-content\/uploads\/2019\/09\/Detalle-1a.jpg\"><img loading=\"lazy\" decoding=\"async\" src=\"https:\/\/www.guitarrasesquivias.com\/wp-content\/uploads\/2019\/09\/Detalle-1a-1024x683.jpg\" alt=\"\" width=\"750\" height=\"500\" class=\"aligncenter wp-image-3338 size-large\" srcset=\"https:\/\/www.guitarrasesquivias.com\/wp-content\/uploads\/2019\/09\/Detalle-1a-1024x683.jpg 1024w, https:\/\/www.guitarrasesquivias.com\/wp-content\/uploads\/2019\/09\/Detalle-1a-300x200.jpg 300w, https:\/\/www.guitarrasesquivias.com\/wp-content\/uploads\/2019\/09\/Detalle-1a-768x512.jpg 768w, https:\/\/www.guitarrasesquivias.com\/wp-content\/uploads\/2019\/09\/Detalle-1a-360x240.jpg 360w\" sizes=\"auto, (max-width: 750px) 100vw, 750px\" \/><\/a><\/p>\n<p><\/p>\n<p><a href=\"https:\/\/www.guitarrasesquivias.com\/wp-content\/uploads\/2019\/09\/Cuerpodef.jpg\"><img loading=\"lazy\" decoding=\"async\" src=\"https:\/\/www.guitarrasesquivias.com\/wp-content\/uploads\/2019\/09\/Cuerpodef-1024x740.jpg\" alt=\"\" width=\"750\" height=\"542\" class=\"aligncenter wp-image-3336 size-large\" srcset=\"https:\/\/www.guitarrasesquivias.com\/wp-content\/uploads\/2019\/09\/Cuerpodef-1024x740.jpg 1024w, https:\/\/www.guitarrasesquivias.com\/wp-content\/uploads\/2019\/09\/Cuerpodef-300x217.jpg 300w, https:\/\/www.guitarrasesquivias.com\/wp-content\/uploads\/2019\/09\/Cuerpodef-768x555.jpg 768w, https:\/\/www.guitarrasesquivias.com\/wp-content\/uploads\/2019\/09\/Cuerpodef.jpg 2015w\" sizes=\"auto, (max-width: 750px) 100vw, 750px\" \/><\/a><\/p>\n<p><\/p>\n<p><a href=\"https:\/\/www.guitarrasesquivias.com\/wp-content\/uploads\/2019\/09\/Detalle-1b.jpg\"><img loading=\"lazy\" decoding=\"async\" src=\"https:\/\/www.guitarrasesquivias.com\/wp-content\/uploads\/2019\/09\/Detalle-1b-1024x490.jpg\" alt=\"\" width=\"750\" height=\"359\" class=\"aligncenter wp-image-3339 size-large\" srcset=\"https:\/\/www.guitarrasesquivias.com\/wp-content\/uploads\/2019\/09\/Detalle-1b-1024x490.jpg 1024w, https:\/\/www.guitarrasesquivias.com\/wp-content\/uploads\/2019\/09\/Detalle-1b-300x143.jpg 300w, https:\/\/www.guitarrasesquivias.com\/wp-content\/uploads\/2019\/09\/Detalle-1b-768x367.jpg 768w\" sizes=\"auto, (max-width: 750px) 100vw, 750px\" \/><\/a><\/p>\n<hr \/>\n<p><a href=\"https:\/\/www.guitarrasesquivias.com\/wp-content\/uploads\/2019\/09\/Detalle-1b.jpg\"><\/a><\/p>\n\n\n<p><\/p>","protected":false},"excerpt":{"rendered":"<p>Informaci\u00f3n y especificaciones: Frankenc\u00e1ster Esquivias Frankenc\u00e1ster imitaci\u00f3n F-ST, una guitarra estilo cl\u00e1sico. La imaginaci\u00f3n de Lady Wollstonecraft invent\u00f3 la prodigiosa historia g\u00f3tica cl\u00e1sica que me ha inspirado para \u00abreconstruir\u00bb esta cl\u00e1sica de la historia. Hecha con partes olvidadas y sin vida de otras guitarras, con piezas que apenas guardaban esperanzas [&hellip;]<\/p>\n","protected":false},"author":1,"featured_media":0,"parent":0,"menu_order":0,"comment_status":"closed","ping_status":"closed","template":"","meta":{"footnotes":""},"class_list":["post-3220","page","type-page","status-publish","hentry"],"_links":{"self":[{"href":"https:\/\/www.guitarrasesquivias.com\/en\/wp-json\/wp\/v2\/pages\/3220","targetHints":{"allow":["GET"]}}],"collection":[{"href":"https:\/\/www.guitarrasesquivias.com\/en\/wp-json\/wp\/v2\/pages"}],"about":[{"href":"https:\/\/www.guitarrasesquivias.com\/en\/wp-json\/wp\/v2\/types\/page"}],"author":[{"embeddable":true,"href":"https:\/\/www.guitarrasesquivias.com\/en\/wp-json\/wp\/v2\/users\/1"}],"replies":[{"embeddable":true,"href":"https:\/\/www.guitarrasesquivias.com\/en\/wp-json\/wp\/v2\/comments?post=3220"}],"version-history":[{"count":2,"href":"https:\/\/www.guitarrasesquivias.com\/en\/wp-json\/wp\/v2\/pages\/3220\/revisions"}],"predecessor-version":[{"id":4099,"href":"https:\/\/www.guitarrasesquivias.com\/en\/wp-json\/wp\/v2\/pages\/3220\/revisions\/4099"}],"wp:attachment":[{"href":"https:\/\/www.guitarrasesquivias.com\/en\/wp-json\/wp\/v2\/media?parent=3220"}],"curies":[{"name":"wp","href":"https:\/\/api.w.org\/{rel}","templated":true}]}}