{"id":3971,"date":"2020-08-29T12:07:48","date_gmt":"2020-08-29T10:07:48","guid":{"rendered":"https:\/\/www.guitarrasesquivias.com\/?page_id=3971"},"modified":"2025-01-07T19:49:25","modified_gmt":"2025-01-07T18:49:25","slug":"acabado","status":"publish","type":"page","link":"https:\/\/www.guitarrasesquivias.com\/en\/acabado\/","title":{"rendered":"Guitar finish"},"content":{"rendered":"<p>The most common finishes are very good and available but I prefer, after dyeing if it has, to finish my electric guitars in oil.<\/p>\n<p><img loading=\"lazy\" decoding=\"async\" src=\"https:\/\/www.guitarrasesquivias.com\/wp-content\/uploads\/2018\/04\/IMG_3142-1-300x200.jpg\" alt=\"\" width=\"300\" height=\"200\" class=\"wp-image-1714 size-medium alignright\" srcset=\"https:\/\/www.guitarrasesquivias.com\/wp-content\/uploads\/2018\/04\/IMG_3142-1-300x200.jpg 300w, https:\/\/www.guitarrasesquivias.com\/wp-content\/uploads\/2018\/04\/IMG_3142-1-768x512.jpg 768w, https:\/\/www.guitarrasesquivias.com\/wp-content\/uploads\/2018\/04\/IMG_3142-1-1024x682.jpg 1024w, https:\/\/www.guitarrasesquivias.com\/wp-content\/uploads\/2018\/04\/IMG_3142-1-360x240.jpg 360w, https:\/\/www.guitarrasesquivias.com\/wp-content\/uploads\/2018\/04\/IMG_3142-1.jpg 1400w\" sizes=\"auto, (max-width: 300px) 100vw, 300px\" \/><\/p>\n<p>It is a finish that is easy to maintain and scratches or taps are easily removed and repaired. Also, it is more respectful of the natural aging of the wood and it seems to be that even with sound.<\/p>\n<p>It's special. It provides silky touch and unique appearance, different from varnished factory guitars.<\/p>\n<p>And since it takes less time to apply correctly, it is more economical and reduces the total cost of the guitar.<\/p>\n<p>In any case, that's the one I like, besides being the most eco-friendly option.<\/p>\n<hr \/>\n<p style=\"text-align: right;\"><span style=\"color: #ccc8c8;\">01025<\/span><\/p>","protected":false},"excerpt":{"rendered":"<p>Los acabados m\u00e1s habituales est\u00e1n muy bien y disponibles pero yo prefiero, tras el tintado si tiene, acabar mis guitarras el\u00e9ctricas al aceite. Es un acabado sencillo de mantener y los ara\u00f1azos o golpecitos se disimulan y arreglan f\u00e1cilmente. Tambi\u00e9n, es m\u00e1s respetuoso con el envejecimiento natural de la madera [&hellip;]<\/p>\n","protected":false},"author":1,"featured_media":0,"parent":0,"menu_order":0,"comment_status":"closed","ping_status":"closed","template":"","meta":{"footnotes":""},"class_list":["post-3971","page","type-page","status-publish","hentry"],"_links":{"self":[{"href":"https:\/\/www.guitarrasesquivias.com\/en\/wp-json\/wp\/v2\/pages\/3971","targetHints":{"allow":["GET"]}}],"collection":[{"href":"https:\/\/www.guitarrasesquivias.com\/en\/wp-json\/wp\/v2\/pages"}],"about":[{"href":"https:\/\/www.guitarrasesquivias.com\/en\/wp-json\/wp\/v2\/types\/page"}],"author":[{"embeddable":true,"href":"https:\/\/www.guitarrasesquivias.com\/en\/wp-json\/wp\/v2\/users\/1"}],"replies":[{"embeddable":true,"href":"https:\/\/www.guitarrasesquivias.com\/en\/wp-json\/wp\/v2\/comments?post=3971"}],"version-history":[{"count":39,"href":"https:\/\/www.guitarrasesquivias.com\/en\/wp-json\/wp\/v2\/pages\/3971\/revisions"}],"predecessor-version":[{"id":4824,"href":"https:\/\/www.guitarrasesquivias.com\/en\/wp-json\/wp\/v2\/pages\/3971\/revisions\/4824"}],"wp:attachment":[{"href":"https:\/\/www.guitarrasesquivias.com\/en\/wp-json\/wp\/v2\/media?parent=3971"}],"curies":[{"name":"wp","href":"https:\/\/api.w.org\/{rel}","templated":true}]}}