{"id":3973,"date":"2020-08-29T12:12:27","date_gmt":"2020-08-29T10:12:27","guid":{"rendered":"https:\/\/www.guitarrasesquivias.com\/?page_id=3973"},"modified":"2025-01-07T19:54:42","modified_gmt":"2025-01-07T18:54:42","slug":"plesq","status":"publish","type":"page","link":"https:\/\/www.guitarrasesquivias.com\/en\/plesq\/","title":{"rendered":"PLEsq"},"content":{"rendered":"<hr \/>\n<h4><strong><u>PLEsq<\/u><\/strong><u><\/u><\/h4>\n<p>I think that the neck is one of the best parts to feel many of the sensations transmitted by a great electric guitar made by hand.<\/p>\n<p>For this reason and because it is one of the parts of the guitar whose construction I enjoy most, it is a task to which I give special attention, care and dedication.<\/p>\n<p><img loading=\"lazy\" decoding=\"async\" src=\"https:\/\/www.guitarrasesquivias.com\/wp-content\/uploads\/2018\/04\/IMG_2041-300x134.jpg\" alt=\"\" width=\"337\" height=\"150\" class=\"alignnone wp-image-1716\" srcset=\"https:\/\/www.guitarrasesquivias.com\/wp-content\/uploads\/2018\/04\/IMG_2041-300x134.jpg 300w, https:\/\/www.guitarrasesquivias.com\/wp-content\/uploads\/2018\/04\/IMG_2041-768x342.jpg 768w, https:\/\/www.guitarrasesquivias.com\/wp-content\/uploads\/2018\/04\/IMG_2041-1024x456.jpg 1024w, https:\/\/www.guitarrasesquivias.com\/wp-content\/uploads\/2018\/04\/IMG_2041.jpg 1400w\" sizes=\"auto, (max-width: 337px) 100vw, 337px\" \/>\u00a0 \u00a0 \u00a0 \u00a0 \u00a0 \u00a0 \u00a0 \u00a0 \u00a0 \u00a0 \u00a0 \u00a0<img loading=\"lazy\" decoding=\"async\" src=\"https:\/\/www.guitarrasesquivias.com\/wp-content\/uploads\/2018\/04\/IMG_2328-300x151.jpg\" alt=\"\" width=\"299\" height=\"150\" class=\"alignnone wp-image-1717\" srcset=\"https:\/\/www.guitarrasesquivias.com\/wp-content\/uploads\/2018\/04\/IMG_2328-300x151.jpg 300w, https:\/\/www.guitarrasesquivias.com\/wp-content\/uploads\/2018\/04\/IMG_2328-768x386.jpg 768w, https:\/\/www.guitarrasesquivias.com\/wp-content\/uploads\/2018\/04\/IMG_2328-1024x514.jpg 1024w, https:\/\/www.guitarrasesquivias.com\/wp-content\/uploads\/2018\/04\/IMG_2328.jpg 1400w\" sizes=\"auto, (max-width: 299px) 100vw, 299px\" \/>I perfect to the maximum the radius and the fretboard straightening and the accurate leveling of frets by means of the PLEsq: an exclusive method of manual technology of my own and with equivalent results to those of the vertical routing.<\/p>\n<p style=\"text-align: right;\"><span style=\"color: #ccc8c8;\">010<\/span><span style=\"color: #ccc8c8;\">25<\/span><\/p>","protected":false},"excerpt":{"rendered":"<p>PLEsq Pienso que el m\u00e1stil es una de las mejores partes para percibir muchas de las sensaciones que transmite una gran guitarra el\u00e9ctrica hecha a mano. Por esta raz\u00f3n y porque es de las partes de la guitarra cuya construcci\u00f3n disfruto m\u00e1s, es una tarea a la que entrego una [&hellip;]<\/p>\n","protected":false},"author":1,"featured_media":0,"parent":0,"menu_order":0,"comment_status":"closed","ping_status":"closed","template":"","meta":{"footnotes":""},"class_list":["post-3973","page","type-page","status-publish","hentry"],"_links":{"self":[{"href":"https:\/\/www.guitarrasesquivias.com\/en\/wp-json\/wp\/v2\/pages\/3973","targetHints":{"allow":["GET"]}}],"collection":[{"href":"https:\/\/www.guitarrasesquivias.com\/en\/wp-json\/wp\/v2\/pages"}],"about":[{"href":"https:\/\/www.guitarrasesquivias.com\/en\/wp-json\/wp\/v2\/types\/page"}],"author":[{"embeddable":true,"href":"https:\/\/www.guitarrasesquivias.com\/en\/wp-json\/wp\/v2\/users\/1"}],"replies":[{"embeddable":true,"href":"https:\/\/www.guitarrasesquivias.com\/en\/wp-json\/wp\/v2\/comments?post=3973"}],"version-history":[{"count":37,"href":"https:\/\/www.guitarrasesquivias.com\/en\/wp-json\/wp\/v2\/pages\/3973\/revisions"}],"predecessor-version":[{"id":4831,"href":"https:\/\/www.guitarrasesquivias.com\/en\/wp-json\/wp\/v2\/pages\/3973\/revisions\/4831"}],"wp:attachment":[{"href":"https:\/\/www.guitarrasesquivias.com\/en\/wp-json\/wp\/v2\/media?parent=3973"}],"curies":[{"name":"wp","href":"https:\/\/api.w.org\/{rel}","templated":true}]}}