{"id":4773,"date":"2024-08-24T16:56:31","date_gmt":"2024-08-24T14:56:31","guid":{"rendered":"https:\/\/www.guitarrasesquivias.com\/?page_id=4773"},"modified":"2024-10-19T11:51:40","modified_gmt":"2024-10-19T09:51:40","slug":"lamarron-2","status":"publish","type":"page","link":"https:\/\/www.guitarrasesquivias.com\/en\/lamarron-2\/","title":{"rendered":"Lamarr\u00f3n"},"content":{"rendered":"<p><strong><em><a href=\"https:\/\/www.guitarrasesquivias.com\/wp-content\/uploads\/2024\/08\/LAMARRON.pdf\">Lamarr\u00f3n<\/a><\/em><\/strong>Esquivias Dominguita electric guitar <em>Dominguita<\/em>.<\/p>\n\n\n\n<figure class=\"wp-block-image size-large\"><a href=\"https:\/\/www.guitarrasesquivias.com\/wp-content\/uploads\/2024\/08\/borrosofront-scaled.jpg\"><img loading=\"lazy\" decoding=\"async\" width=\"1024\" height=\"463\" src=\"https:\/\/www.guitarrasesquivias.com\/wp-content\/uploads\/2024\/08\/borrosofront-1024x463.jpg\" alt=\"\" class=\"wp-image-4768\" srcset=\"https:\/\/www.guitarrasesquivias.com\/wp-content\/uploads\/2024\/08\/borrosofront-1024x463.jpg 1024w, https:\/\/www.guitarrasesquivias.com\/wp-content\/uploads\/2024\/08\/borrosofront-300x136.jpg 300w, https:\/\/www.guitarrasesquivias.com\/wp-content\/uploads\/2024\/08\/borrosofront-768x348.jpg 768w, https:\/\/www.guitarrasesquivias.com\/wp-content\/uploads\/2024\/08\/borrosofront-1536x695.jpg 1536w, https:\/\/www.guitarrasesquivias.com\/wp-content\/uploads\/2024\/08\/borrosofront-2048x927.jpg 2048w, https:\/\/www.guitarrasesquivias.com\/wp-content\/uploads\/2024\/08\/borrosofront-18x8.jpg 18w\" sizes=\"auto, (max-width: 1024px) 100vw, 1024px\" \/><\/a><\/figure>\n\n\n\n<p>Now I would just like to say that I am satisfied and at ease. Pleased and satisfied with this new design, Dominguita. Yes. <em>Dominguita<\/em>. Yes, that's it.<\/p>\n\n\n\n<p><\/p>\n\n\n\n<figure class=\"wp-block-image size-large\"><a href=\"https:\/\/www.guitarrasesquivias.com\/wp-content\/uploads\/2024\/08\/03bodyfront-scaled.jpg\"><img loading=\"lazy\" decoding=\"async\" width=\"1024\" height=\"768\" src=\"https:\/\/www.guitarrasesquivias.com\/wp-content\/uploads\/2024\/08\/03bodyfront-1024x768.jpg\" alt=\"\" class=\"wp-image-4762\" srcset=\"https:\/\/www.guitarrasesquivias.com\/wp-content\/uploads\/2024\/08\/03bodyfront-1024x768.jpg 1024w, https:\/\/www.guitarrasesquivias.com\/wp-content\/uploads\/2024\/08\/03bodyfront-300x225.jpg 300w, https:\/\/www.guitarrasesquivias.com\/wp-content\/uploads\/2024\/08\/03bodyfront-768x576.jpg 768w, https:\/\/www.guitarrasesquivias.com\/wp-content\/uploads\/2024\/08\/03bodyfront-1536x1152.jpg 1536w, https:\/\/www.guitarrasesquivias.com\/wp-content\/uploads\/2024\/08\/03bodyfront-2048x1536.jpg 2048w, https:\/\/www.guitarrasesquivias.com\/wp-content\/uploads\/2024\/08\/03bodyfront-16x12.jpg 16w\" sizes=\"auto, (max-width: 1024px) 100vw, 1024px\" \/><\/a><\/figure>\n\n\n\n<p>Remotely inspired, it evolved from another of my designs, the Haba.It occurred to me to devise one with naturalness between the limits of its figure with the occupied space.I know. It may sound odd. But that was the aspiration and inspiration for this new model. This new design, soft and adaptable, enjoys a body of organic, functional and natural lines that complement you in balance.<\/p>\n\n\n\n<p><\/p>\n\n\n\n<figure class=\"wp-block-image size-large\"><a href=\"https:\/\/www.guitarrasesquivias.com\/wp-content\/uploads\/2024\/08\/01front-scaled.jpg\"><img loading=\"lazy\" decoding=\"async\" width=\"1024\" height=\"454\" src=\"https:\/\/www.guitarrasesquivias.com\/wp-content\/uploads\/2024\/08\/01front-1024x454.jpg\" alt=\"\" class=\"wp-image-4760\" srcset=\"https:\/\/www.guitarrasesquivias.com\/wp-content\/uploads\/2024\/08\/01front-1024x454.jpg 1024w, https:\/\/www.guitarrasesquivias.com\/wp-content\/uploads\/2024\/08\/01front-300x133.jpg 300w, https:\/\/www.guitarrasesquivias.com\/wp-content\/uploads\/2024\/08\/01front-768x340.jpg 768w, https:\/\/www.guitarrasesquivias.com\/wp-content\/uploads\/2024\/08\/01front-1536x680.jpg 1536w, https:\/\/www.guitarrasesquivias.com\/wp-content\/uploads\/2024\/08\/01front-2048x907.jpg 2048w, https:\/\/www.guitarrasesquivias.com\/wp-content\/uploads\/2024\/08\/01front-18x8.jpg 18w\" sizes=\"auto, (max-width: 1024px) 100vw, 1024px\" \/><\/a><\/figure>\n\n\n\n<p>Its <em>pao ferro<\/em> is very, very thin, the thinnest I have carved so far. It is easy to grip. It's comfortable, but not instantly because you get a different feel than any other neck I've tried so far. It goes by quickly, instantly. At least that's what it felt like to me. And this is how I tell it<\/p>\n\n\n\n<p><\/p>\n\n\n\n<figure class=\"wp-block-image size-large\"><a href=\"https:\/\/www.guitarrasesquivias.com\/wp-content\/uploads\/2024\/08\/02back-scaled.jpg\"><img loading=\"lazy\" decoding=\"async\" width=\"1024\" height=\"416\" src=\"https:\/\/www.guitarrasesquivias.com\/wp-content\/uploads\/2024\/08\/02back-1024x416.jpg\" alt=\"\" class=\"wp-image-4761\" srcset=\"https:\/\/www.guitarrasesquivias.com\/wp-content\/uploads\/2024\/08\/02back-1024x416.jpg 1024w, https:\/\/www.guitarrasesquivias.com\/wp-content\/uploads\/2024\/08\/02back-300x122.jpg 300w, https:\/\/www.guitarrasesquivias.com\/wp-content\/uploads\/2024\/08\/02back-768x312.jpg 768w, https:\/\/www.guitarrasesquivias.com\/wp-content\/uploads\/2024\/08\/02back-1536x624.jpg 1536w, https:\/\/www.guitarrasesquivias.com\/wp-content\/uploads\/2024\/08\/02back-2048x833.jpg 2048w, https:\/\/www.guitarrasesquivias.com\/wp-content\/uploads\/2024\/08\/02back-18x7.jpg 18w\" sizes=\"auto, (max-width: 1024px) 100vw, 1024px\" \/><\/a><\/figure>\n\n\n\n<p>One thing that every guitarist loves is the <em>sustain<\/em> of his guitar... With <em>Lamarr\u00f3n<\/em> you have that desired <em>sustain<\/em> desired and truly dreamed of. The strings run with permission through the American mahogany of its body.<\/p>\n\n\n\n<p>Tambi\u00e9n, hay que afirmar que las pastillas, una doble cer\u00e1mica en el puente y una simple de alnico V en el m\u00e1stil, sin verg\u00fcenza por no ser \u00abde las top\u00bb cumplen a la perfecci\u00f3n pues destilan un sonido muy elegante; transparente, definido y claro.<\/p>\n\n\n\n<figure class=\"wp-block-image size-large\"><a href=\"https:\/\/www.guitarrasesquivias.com\/wp-content\/uploads\/2024\/08\/07detpala-scaled.jpg\"><img loading=\"lazy\" decoding=\"async\" width=\"1024\" height=\"768\" src=\"https:\/\/www.guitarrasesquivias.com\/wp-content\/uploads\/2024\/08\/07detpala-1024x768.jpg\" alt=\"\" class=\"wp-image-4766\" srcset=\"https:\/\/www.guitarrasesquivias.com\/wp-content\/uploads\/2024\/08\/07detpala-1024x768.jpg 1024w, https:\/\/www.guitarrasesquivias.com\/wp-content\/uploads\/2024\/08\/07detpala-300x225.jpg 300w, https:\/\/www.guitarrasesquivias.com\/wp-content\/uploads\/2024\/08\/07detpala-768x576.jpg 768w, https:\/\/www.guitarrasesquivias.com\/wp-content\/uploads\/2024\/08\/07detpala-1536x1152.jpg 1536w, https:\/\/www.guitarrasesquivias.com\/wp-content\/uploads\/2024\/08\/07detpala-2048x1536.jpg 2048w, https:\/\/www.guitarrasesquivias.com\/wp-content\/uploads\/2024\/08\/07detpala-16x12.jpg 16w\" sizes=\"auto, (max-width: 1024px) 100vw, 1024px\" \/><\/a><\/figure>\n\n\n\n<p><\/p>\n\n\n\n<p><\/p>\n\n\n\n<p><\/p>\n\n\n\n<p><\/p>\n\n\n\n<p><\/p>\n\n\n\n<figure class=\"wp-block-image size-large\"><a href=\"https:\/\/www.guitarrasesquivias.com\/wp-content\/uploads\/2024\/08\/06detdiapason.jpg\"><img loading=\"lazy\" decoding=\"async\" width=\"1024\" height=\"982\" src=\"https:\/\/www.guitarrasesquivias.com\/wp-content\/uploads\/2024\/08\/06detdiapason-1024x982.jpg\" alt=\"\" class=\"wp-image-4765\" srcset=\"https:\/\/www.guitarrasesquivias.com\/wp-content\/uploads\/2024\/08\/06detdiapason-1024x982.jpg 1024w, https:\/\/www.guitarrasesquivias.com\/wp-content\/uploads\/2024\/08\/06detdiapason-300x288.jpg 300w, https:\/\/www.guitarrasesquivias.com\/wp-content\/uploads\/2024\/08\/06detdiapason-768x736.jpg 768w, https:\/\/www.guitarrasesquivias.com\/wp-content\/uploads\/2024\/08\/06detdiapason-1536x1472.jpg 1536w, https:\/\/www.guitarrasesquivias.com\/wp-content\/uploads\/2024\/08\/06detdiapason-2048x1963.jpg 2048w, https:\/\/www.guitarrasesquivias.com\/wp-content\/uploads\/2024\/08\/06detdiapason-13x12.jpg 13w\" sizes=\"auto, (max-width: 1024px) 100vw, 1024px\" \/><\/a><\/figure>\n\n\n\n<p><\/p>\n\n\n\n<p><\/p>\n\n\n\n<figure class=\"wp-block-image size-large\"><a href=\"https:\/\/www.guitarrasesquivias.com\/wp-content\/uploads\/2024\/08\/detartback-scaled.jpg\"><img loading=\"lazy\" decoding=\"async\" width=\"1024\" height=\"768\" src=\"https:\/\/www.guitarrasesquivias.com\/wp-content\/uploads\/2024\/08\/detartback-1024x768.jpg\" alt=\"\" class=\"wp-image-4769\" srcset=\"https:\/\/www.guitarrasesquivias.com\/wp-content\/uploads\/2024\/08\/detartback-1024x768.jpg 1024w, https:\/\/www.guitarrasesquivias.com\/wp-content\/uploads\/2024\/08\/detartback-300x225.jpg 300w, https:\/\/www.guitarrasesquivias.com\/wp-content\/uploads\/2024\/08\/detartback-768x576.jpg 768w, https:\/\/www.guitarrasesquivias.com\/wp-content\/uploads\/2024\/08\/detartback-1536x1152.jpg 1536w, https:\/\/www.guitarrasesquivias.com\/wp-content\/uploads\/2024\/08\/detartback-2048x1536.jpg 2048w, https:\/\/www.guitarrasesquivias.com\/wp-content\/uploads\/2024\/08\/detartback-16x12.jpg 16w\" sizes=\"auto, (max-width: 1024px) 100vw, 1024px\" \/><\/a><\/figure>","protected":false},"excerpt":{"rendered":"<p>Lamarr\u00f3n, guitarra el\u00e9ctrica Esquivias, modelo Dominguita. Ahora quisiera s\u00f3lo decir simplemente que estoy conforme y a gusto. A gusto y conforme con este dise\u00f1o nuevo, Dominguita. S\u00ed, complacido y satisfecho. Remotamente inspirado, evoluciona de otro de mis dise\u00f1os, el Haba. Se me ocurri\u00f3 idear uno con naturalidad entre los l\u00edmites [&hellip;]<\/p>\n","protected":false},"author":1,"featured_media":0,"parent":0,"menu_order":0,"comment_status":"closed","ping_status":"closed","template":"","meta":{"footnotes":""},"class_list":["post-4773","page","type-page","status-publish","hentry"],"_links":{"self":[{"href":"https:\/\/www.guitarrasesquivias.com\/en\/wp-json\/wp\/v2\/pages\/4773","targetHints":{"allow":["GET"]}}],"collection":[{"href":"https:\/\/www.guitarrasesquivias.com\/en\/wp-json\/wp\/v2\/pages"}],"about":[{"href":"https:\/\/www.guitarrasesquivias.com\/en\/wp-json\/wp\/v2\/types\/page"}],"author":[{"embeddable":true,"href":"https:\/\/www.guitarrasesquivias.com\/en\/wp-json\/wp\/v2\/users\/1"}],"replies":[{"embeddable":true,"href":"https:\/\/www.guitarrasesquivias.com\/en\/wp-json\/wp\/v2\/comments?post=4773"}],"version-history":[{"count":12,"href":"https:\/\/www.guitarrasesquivias.com\/en\/wp-json\/wp\/v2\/pages\/4773\/revisions"}],"predecessor-version":[{"id":4801,"href":"https:\/\/www.guitarrasesquivias.com\/en\/wp-json\/wp\/v2\/pages\/4773\/revisions\/4801"}],"wp:attachment":[{"href":"https:\/\/www.guitarrasesquivias.com\/en\/wp-json\/wp\/v2\/media?parent=4773"}],"curies":[{"name":"wp","href":"https:\/\/api.w.org\/{rel}","templated":true}]}}