{"id":565,"date":"2018-03-11T20:35:51","date_gmt":"2018-03-11T19:35:51","guid":{"rendered":"https:\/\/www.guitarrasesquivias.com\/?page_id=565"},"modified":"2020-07-17T13:45:21","modified_gmt":"2020-07-17T11:45:21","slug":"lanaranja","status":"publish","type":"page","link":"https:\/\/www.guitarrasesquivias.com\/en\/lanaranja\/","title":{"rendered":"Lanaranja"},"content":{"rendered":"<p>Information and specifications in:<\/p>\n<h1><a href=\"https:\/\/www.guitarrasesquivias.com\/wp-content\/uploads\/2020\/07\/Especif.-Lanaranja.pdf\"><strong><span style=\"color: #99cc00;\">Lanaranja<\/span><\/strong><\/a><\/h1>\n<hr \/>\n<p><span style=\"color: #000000;\">Lanaranja: Esquivias Piscis Special series<\/span><span style=\"color: #000000;\">.<\/span><\/p>\n<p><a href=\"https:\/\/www.guitarrasesquivias.com\/wp-content\/uploads\/2019\/09\/IMG_3044.jpg\"><img loading=\"lazy\" decoding=\"async\" src=\"https:\/\/www.guitarrasesquivias.com\/wp-content\/uploads\/2019\/09\/IMG_3044-1024x456.jpg\" alt=\"\" width=\"750\" height=\"334\" class=\"aligncenter wp-image-3309 size-large\" srcset=\"https:\/\/www.guitarrasesquivias.com\/wp-content\/uploads\/2019\/09\/IMG_3044-1024x456.jpg 1024w, https:\/\/www.guitarrasesquivias.com\/wp-content\/uploads\/2019\/09\/IMG_3044-300x134.jpg 300w, https:\/\/www.guitarrasesquivias.com\/wp-content\/uploads\/2019\/09\/IMG_3044-768x342.jpg 768w, https:\/\/www.guitarrasesquivias.com\/wp-content\/uploads\/2019\/09\/IMG_3044.jpg 1400w\" sizes=\"auto, (max-width: 750px) 100vw, 750px\" \/><\/a><\/p>\n<p><span style=\"color: #000000;\">Launch of the Piscis design. The truth is that after following the indications about a mismatch in the height of the strings in the capo that my good friend and guitarist Jon suggested when I was showing it to him to ask for his expert opinion and that I thank him for, the guitar would not be played as well as now.<\/span><\/p>\n<p><a href=\"https:\/\/www.guitarrasesquivias.com\/wp-content\/uploads\/2019\/09\/IMG_3075.jpg\"><img loading=\"lazy\" decoding=\"async\" src=\"https:\/\/www.guitarrasesquivias.com\/wp-content\/uploads\/2019\/09\/IMG_3075-1024x446.jpg\" alt=\"\" width=\"750\" height=\"327\" class=\"aligncenter wp-image-3310 size-large\" srcset=\"https:\/\/www.guitarrasesquivias.com\/wp-content\/uploads\/2019\/09\/IMG_3075-1024x446.jpg 1024w, https:\/\/www.guitarrasesquivias.com\/wp-content\/uploads\/2019\/09\/IMG_3075-300x131.jpg 300w, https:\/\/www.guitarrasesquivias.com\/wp-content\/uploads\/2019\/09\/IMG_3075-768x335.jpg 768w, https:\/\/www.guitarrasesquivias.com\/wp-content\/uploads\/2019\/09\/IMG_3075.jpg 1400w\" sizes=\"auto, (max-width: 750px) 100vw, 750px\" \/><\/a><\/p>\n<p><span style=\"color: #000000;\">Perfect. Besides, it's light. It holds chords perfectly and I think it shows good sustain on long notes. I find a certain mellow character and a soft dense hue in the overall sound: of vigorous bass, defined and solid mid-range; and treble that is easily brightened by playing with the tone. Personally, this thick character sound that this one provides is the one I like in the electric guitars. I'll miss it when it's gone, but it really deserves the best now. It's delicious.<\/span><\/p>\n<p><a href=\"https:\/\/www.guitarrasesquivias.com\/wp-content\/uploads\/2019\/09\/IMG_3111.jpg\"><img loading=\"lazy\" decoding=\"async\" src=\"https:\/\/www.guitarrasesquivias.com\/wp-content\/uploads\/2019\/09\/IMG_3111-1024x711.jpg\" alt=\"\" width=\"750\" height=\"521\" class=\"aligncenter wp-image-3311 size-large\" srcset=\"https:\/\/www.guitarrasesquivias.com\/wp-content\/uploads\/2019\/09\/IMG_3111-1024x711.jpg 1024w, https:\/\/www.guitarrasesquivias.com\/wp-content\/uploads\/2019\/09\/IMG_3111-300x208.jpg 300w, https:\/\/www.guitarrasesquivias.com\/wp-content\/uploads\/2019\/09\/IMG_3111-768x533.jpg 768w, https:\/\/www.guitarrasesquivias.com\/wp-content\/uploads\/2019\/09\/IMG_3111.jpg 1400w\" sizes=\"auto, (max-width: 750px) 100vw, 750px\" \/><\/a><\/p>\n<p><a href=\"https:\/\/www.guitarrasesquivias.com\/wp-content\/uploads\/2019\/09\/IMG_3044-2.jpg\"><img loading=\"lazy\" decoding=\"async\" src=\"https:\/\/www.guitarrasesquivias.com\/wp-content\/uploads\/2019\/09\/IMG_3044-2-1024x831.jpg\" alt=\"\" width=\"750\" height=\"609\" class=\"aligncenter wp-image-3308 size-large\" srcset=\"https:\/\/www.guitarrasesquivias.com\/wp-content\/uploads\/2019\/09\/IMG_3044-2-1024x831.jpg 1024w, https:\/\/www.guitarrasesquivias.com\/wp-content\/uploads\/2019\/09\/IMG_3044-2-300x243.jpg 300w, https:\/\/www.guitarrasesquivias.com\/wp-content\/uploads\/2019\/09\/IMG_3044-2-768x623.jpg 768w, https:\/\/www.guitarrasesquivias.com\/wp-content\/uploads\/2019\/09\/IMG_3044-2.jpg 1400w\" sizes=\"auto, (max-width: 750px) 100vw, 750px\" \/><\/a><\/p>\n<p><a href=\"https:\/\/www.guitarrasesquivias.com\/wp-content\/uploads\/2019\/09\/IMG_3113.jpg\"><img loading=\"lazy\" decoding=\"async\" src=\"https:\/\/www.guitarrasesquivias.com\/wp-content\/uploads\/2019\/09\/IMG_3113-1024x612.jpg\" alt=\"\" width=\"750\" height=\"448\" class=\"aligncenter wp-image-3312 size-large\" srcset=\"https:\/\/www.guitarrasesquivias.com\/wp-content\/uploads\/2019\/09\/IMG_3113-1024x612.jpg 1024w, https:\/\/www.guitarrasesquivias.com\/wp-content\/uploads\/2019\/09\/IMG_3113-300x179.jpg 300w, https:\/\/www.guitarrasesquivias.com\/wp-content\/uploads\/2019\/09\/IMG_3113-768x459.jpg 768w, https:\/\/www.guitarrasesquivias.com\/wp-content\/uploads\/2019\/09\/IMG_3113.jpg 1400w\" sizes=\"auto, (max-width: 750px) 100vw, 750px\" \/><\/a><\/p>\n<hr \/>\n\n\n<p><\/p>","protected":false},"excerpt":{"rendered":"<p>Informaci\u00f3n y especificaciones en: Lanaranja Lanaranja: Esquivias serie Especial Piscis. Estreno el dise\u00f1o Piscis. La verdad que despu\u00e9s de seguir las recomendaciones sobre un desajuste en la altura de las cuerdas en la cejuela que mi buen amigo y guitarrista Jon me indic\u00f3 cuando se la ense\u00f1\u00e9 para pedir su [&hellip;]<\/p>\n","protected":false},"author":1,"featured_media":0,"parent":0,"menu_order":0,"comment_status":"closed","ping_status":"closed","template":"","meta":{"footnotes":""},"class_list":["post-565","page","type-page","status-publish","hentry"],"_links":{"self":[{"href":"https:\/\/www.guitarrasesquivias.com\/en\/wp-json\/wp\/v2\/pages\/565","targetHints":{"allow":["GET"]}}],"collection":[{"href":"https:\/\/www.guitarrasesquivias.com\/en\/wp-json\/wp\/v2\/pages"}],"about":[{"href":"https:\/\/www.guitarrasesquivias.com\/en\/wp-json\/wp\/v2\/types\/page"}],"author":[{"embeddable":true,"href":"https:\/\/www.guitarrasesquivias.com\/en\/wp-json\/wp\/v2\/users\/1"}],"replies":[{"embeddable":true,"href":"https:\/\/www.guitarrasesquivias.com\/en\/wp-json\/wp\/v2\/comments?post=565"}],"version-history":[{"count":0,"href":"https:\/\/www.guitarrasesquivias.com\/en\/wp-json\/wp\/v2\/pages\/565\/revisions"}],"wp:attachment":[{"href":"https:\/\/www.guitarrasesquivias.com\/en\/wp-json\/wp\/v2\/media?parent=565"}],"curies":[{"name":"wp","href":"https:\/\/api.w.org\/{rel}","templated":true}]}}