{"id":567,"date":"2018-03-11T20:36:27","date_gmt":"2018-03-11T19:36:27","guid":{"rendered":"https:\/\/www.guitarrasesquivias.com\/?page_id=567"},"modified":"2020-07-17T13:47:32","modified_gmt":"2020-07-17T11:47:32","slug":"lanonegra","status":"publish","type":"page","link":"https:\/\/www.guitarrasesquivias.com\/en\/lanonegra\/","title":{"rendered":"Lanonegra"},"content":{"rendered":"<p>Information and specifications in:<\/p>\n<h1><a href=\"https:\/\/www.guitarrasesquivias.com\/wp-content\/uploads\/2020\/07\/Especif.-Lanonegra.pdf\"><strong><span style=\"color: #99cc00;\">Lanonegra<\/span><\/strong><\/a><\/h1>\n<hr \/>\n<p>Lanonegra is an Esquivias Piscis-Evo Special electric guitar.<\/p>\n<p><a href=\"https:\/\/www.guitarrasesquivias.com\/wp-content\/uploads\/2019\/09\/IMG_3048.jpg\"><img loading=\"lazy\" decoding=\"async\" src=\"https:\/\/www.guitarrasesquivias.com\/wp-content\/uploads\/2019\/09\/IMG_3048-1024x446.jpg\" alt=\"\" width=\"750\" height=\"327\" class=\"aligncenter wp-image-3314 size-large\" srcset=\"https:\/\/www.guitarrasesquivias.com\/wp-content\/uploads\/2019\/09\/IMG_3048-1024x446.jpg 1024w, https:\/\/www.guitarrasesquivias.com\/wp-content\/uploads\/2019\/09\/IMG_3048-300x131.jpg 300w, https:\/\/www.guitarrasesquivias.com\/wp-content\/uploads\/2019\/09\/IMG_3048-768x335.jpg 768w, https:\/\/www.guitarrasesquivias.com\/wp-content\/uploads\/2019\/09\/IMG_3048.jpg 1400w\" sizes=\"auto, (max-width: 750px) 100vw, 750px\" \/><\/a><\/p>\n<p>Esta guitarra tiene cambios sutiles y, Piscis, progresa como dise\u00f1o. Remarqu\u00e9 y acentu\u00e9 sus curvas al estrechar su cintura inspir\u00e1ndome en la guitarra \u00abhijo de Gib\u00bb, uno de los modelos cl\u00e1sicos m\u00e1s reconocidos y reconocibles de la historia de la guitarra el\u00e9ctrica. Al igual que en otra, la de Leo, agarras un buen m\u00e1stil, ya que tienes suficiente madera a la que aferrarte al antiguo estilo bate de b\u00e9isbol.<\/p>\n<p><a href=\"https:\/\/www.guitarrasesquivias.com\/wp-content\/uploads\/2019\/09\/IMG_3078.jpg\"><img loading=\"lazy\" decoding=\"async\" src=\"https:\/\/www.guitarrasesquivias.com\/wp-content\/uploads\/2019\/09\/IMG_3078-1024x479.jpg\" alt=\"\" width=\"750\" height=\"351\" class=\"aligncenter wp-image-3315 size-large\" srcset=\"https:\/\/www.guitarrasesquivias.com\/wp-content\/uploads\/2019\/09\/IMG_3078-1024x479.jpg 1024w, https:\/\/www.guitarrasesquivias.com\/wp-content\/uploads\/2019\/09\/IMG_3078-300x140.jpg 300w, https:\/\/www.guitarrasesquivias.com\/wp-content\/uploads\/2019\/09\/IMG_3078-768x359.jpg 768w, https:\/\/www.guitarrasesquivias.com\/wp-content\/uploads\/2019\/09\/IMG_3078.jpg 1400w\" sizes=\"auto, (max-width: 750px) 100vw, 750px\" \/><\/a><\/p>\n<p>Como todas las labores hechas en esta guitarra el\u00e9ctrica quedaron de campeonato, permiten un ajuste bastante bueno, dej\u00e1ndola muy suave y comod\u00edsima. Adem\u00e1s, el sonido que brinda la guitarra es convincente, excelentes pastillas al m\u00e1s genuino estilo P90. Yo dir\u00eda que en mi viejo ampli a v\u00e1lvulas suena de muerte en limpio y me da la sensaci\u00f3n que es capaz de destacar con estilo y de \u00abcortar la mezcla\u00bb delicadamente en cualquier banda o de lo que sea menester. Para m\u00ed, una seda al tocar. Y no soy el \u00fanico que as\u00ed lo piensa.<\/p>\n<p><a href=\"https:\/\/www.guitarrasesquivias.com\/wp-content\/uploads\/2019\/09\/IMG_3127.jpg\"><img loading=\"lazy\" decoding=\"async\" src=\"https:\/\/www.guitarrasesquivias.com\/wp-content\/uploads\/2019\/09\/IMG_3127-1024x674.jpg\" alt=\"\" width=\"750\" height=\"494\" class=\"aligncenter wp-image-3316 size-large\" srcset=\"https:\/\/www.guitarrasesquivias.com\/wp-content\/uploads\/2019\/09\/IMG_3127-1024x674.jpg 1024w, https:\/\/www.guitarrasesquivias.com\/wp-content\/uploads\/2019\/09\/IMG_3127-300x198.jpg 300w, https:\/\/www.guitarrasesquivias.com\/wp-content\/uploads\/2019\/09\/IMG_3127-768x506.jpg 768w, https:\/\/www.guitarrasesquivias.com\/wp-content\/uploads\/2019\/09\/IMG_3127.jpg 1400w\" sizes=\"auto, (max-width: 750px) 100vw, 750px\" \/><\/a><\/p>\n<p><a href=\"https:\/\/www.guitarrasesquivias.com\/wp-content\/uploads\/2019\/09\/IMG_3048-2.jpg\"><img loading=\"lazy\" decoding=\"async\" src=\"https:\/\/www.guitarrasesquivias.com\/wp-content\/uploads\/2019\/09\/IMG_3048-2-1024x829.jpg\" alt=\"\" width=\"750\" height=\"607\" class=\"aligncenter wp-image-3313 size-large\" srcset=\"https:\/\/www.guitarrasesquivias.com\/wp-content\/uploads\/2019\/09\/IMG_3048-2-1024x829.jpg 1024w, https:\/\/www.guitarrasesquivias.com\/wp-content\/uploads\/2019\/09\/IMG_3048-2-300x243.jpg 300w, https:\/\/www.guitarrasesquivias.com\/wp-content\/uploads\/2019\/09\/IMG_3048-2-768x622.jpg 768w, https:\/\/www.guitarrasesquivias.com\/wp-content\/uploads\/2019\/09\/IMG_3048-2.jpg 1400w\" sizes=\"auto, (max-width: 750px) 100vw, 750px\" \/><\/a><\/p>\n<p><a href=\"https:\/\/www.guitarrasesquivias.com\/wp-content\/uploads\/2019\/09\/IMG_3128.jpg\"><img loading=\"lazy\" decoding=\"async\" src=\"https:\/\/www.guitarrasesquivias.com\/wp-content\/uploads\/2019\/09\/IMG_3128-1024x642.jpg\" alt=\"\" width=\"750\" height=\"470\" class=\"aligncenter wp-image-3317 size-large\" srcset=\"https:\/\/www.guitarrasesquivias.com\/wp-content\/uploads\/2019\/09\/IMG_3128-1024x642.jpg 1024w, https:\/\/www.guitarrasesquivias.com\/wp-content\/uploads\/2019\/09\/IMG_3128-300x188.jpg 300w, https:\/\/www.guitarrasesquivias.com\/wp-content\/uploads\/2019\/09\/IMG_3128-768x482.jpg 768w, https:\/\/www.guitarrasesquivias.com\/wp-content\/uploads\/2019\/09\/IMG_3128.jpg 1400w\" sizes=\"auto, (max-width: 750px) 100vw, 750px\" \/><\/a><\/p>\n<hr \/>","protected":false},"excerpt":{"rendered":"<p>Informaci\u00f3n y especificaciones en: Lanonegra Lanonegra es una guitarra el\u00e9ctrica Esquivias Piscis-Evo Especial. Esta guitarra tiene cambios sutiles y, Piscis, progresa como dise\u00f1o. Remarqu\u00e9 y acentu\u00e9 sus curvas al estrechar su cintura inspir\u00e1ndome en la guitarra \u00abhijo de Gib\u00bb, uno de los modelos cl\u00e1sicos m\u00e1s reconocidos y reconocibles de la [&hellip;]<\/p>\n","protected":false},"author":1,"featured_media":0,"parent":0,"menu_order":0,"comment_status":"closed","ping_status":"closed","template":"","meta":{"footnotes":""},"class_list":["post-567","page","type-page","status-publish","hentry"],"_links":{"self":[{"href":"https:\/\/www.guitarrasesquivias.com\/en\/wp-json\/wp\/v2\/pages\/567","targetHints":{"allow":["GET"]}}],"collection":[{"href":"https:\/\/www.guitarrasesquivias.com\/en\/wp-json\/wp\/v2\/pages"}],"about":[{"href":"https:\/\/www.guitarrasesquivias.com\/en\/wp-json\/wp\/v2\/types\/page"}],"author":[{"embeddable":true,"href":"https:\/\/www.guitarrasesquivias.com\/en\/wp-json\/wp\/v2\/users\/1"}],"replies":[{"embeddable":true,"href":"https:\/\/www.guitarrasesquivias.com\/en\/wp-json\/wp\/v2\/comments?post=567"}],"version-history":[{"count":0,"href":"https:\/\/www.guitarrasesquivias.com\/en\/wp-json\/wp\/v2\/pages\/567\/revisions"}],"wp:attachment":[{"href":"https:\/\/www.guitarrasesquivias.com\/en\/wp-json\/wp\/v2\/media?parent=567"}],"curies":[{"name":"wp","href":"https:\/\/api.w.org\/{rel}","templated":true}]}}