{"id":569,"date":"2018-03-11T20:37:21","date_gmt":"2018-03-11T19:37:21","guid":{"rendered":"https:\/\/www.guitarrasesquivias.com\/?page_id=569"},"modified":"2021-12-27T14:17:01","modified_gmt":"2021-12-27T13:17:01","slug":"laperrasa","status":"publish","type":"page","link":"https:\/\/www.guitarrasesquivias.com\/en\/laperrasa\/","title":{"rendered":"Laperrasa"},"content":{"rendered":"<p>Information and specifications in:<\/p>\n<h1><strong><span style=\"color: #99cc00;\"><a href=\"https:\/\/www.guitarrasesquivias.com\/wp-content\/uploads\/2020\/12\/INFO-Laperrasa.pdf\">Laperrasa<\/a><\/span><\/strong><\/h1>\n<hr>\n<p>Laperrasa is an Esquivias Special imitation electric guitar.<\/p>\n<p><a href=\"https:\/\/www.guitarrasesquivias.com\/wp-content\/uploads\/2019\/09\/IMG_3037.jpg\"><img loading=\"lazy\" decoding=\"async\" src=\"https:\/\/www.guitarrasesquivias.com\/wp-content\/uploads\/2019\/09\/IMG_3037-1024x434.jpg\" alt=\"\" width=\"750\" height=\"318\" class=\"aligncenter wp-image-3318 size-large\" srcset=\"https:\/\/www.guitarrasesquivias.com\/wp-content\/uploads\/2019\/09\/IMG_3037-1024x434.jpg 1024w, https:\/\/www.guitarrasesquivias.com\/wp-content\/uploads\/2019\/09\/IMG_3037-300x127.jpg 300w, https:\/\/www.guitarrasesquivias.com\/wp-content\/uploads\/2019\/09\/IMG_3037-768x326.jpg 768w, https:\/\/www.guitarrasesquivias.com\/wp-content\/uploads\/2019\/09\/IMG_3037.jpg 1400w\" sizes=\"auto, (max-width: 750px) 100vw, 750px\" \/><\/a><\/p>\n<p><span style=\"color: #000000;\">Glued neck with just the right angle, body with carved top, shellac varnish and more.<\/span><\/p>\n<p><a href=\"https:\/\/www.guitarrasesquivias.com\/wp-content\/uploads\/2019\/09\/IMG_3064.jpg\"><img loading=\"lazy\" decoding=\"async\" src=\"https:\/\/www.guitarrasesquivias.com\/wp-content\/uploads\/2019\/09\/IMG_3064-1024x453.jpg\" alt=\"\" width=\"750\" height=\"332\" class=\"aligncenter wp-image-3320 size-large\" srcset=\"https:\/\/www.guitarrasesquivias.com\/wp-content\/uploads\/2019\/09\/IMG_3064-1024x453.jpg 1024w, https:\/\/www.guitarrasesquivias.com\/wp-content\/uploads\/2019\/09\/IMG_3064-300x133.jpg 300w, https:\/\/www.guitarrasesquivias.com\/wp-content\/uploads\/2019\/09\/IMG_3064-768x340.jpg 768w, https:\/\/www.guitarrasesquivias.com\/wp-content\/uploads\/2019\/09\/IMG_3064.jpg 1400w\" sizes=\"auto, (max-width: 750px) 100vw, 750px\" \/><\/a><\/p>\n<p><span style=\"color: #000000;\">It sounds good without plugging in, but when you do, a glorious sound comes out of the amp that you don't believe.<\/span><\/p>\n<p><a href=\"https:\/\/www.guitarrasesquivias.com\/wp-content\/uploads\/2019\/09\/IMG_3039.jpg\"><img loading=\"lazy\" decoding=\"async\" src=\"https:\/\/www.guitarrasesquivias.com\/wp-content\/uploads\/2019\/09\/IMG_3039-1024x807.jpg\" alt=\"\" width=\"750\" height=\"591\" class=\"aligncenter wp-image-3319 size-large\" srcset=\"https:\/\/www.guitarrasesquivias.com\/wp-content\/uploads\/2019\/09\/IMG_3039-1024x807.jpg 1024w, https:\/\/www.guitarrasesquivias.com\/wp-content\/uploads\/2019\/09\/IMG_3039-300x237.jpg 300w, https:\/\/www.guitarrasesquivias.com\/wp-content\/uploads\/2019\/09\/IMG_3039-768x606.jpg 768w, https:\/\/www.guitarrasesquivias.com\/wp-content\/uploads\/2019\/09\/IMG_3039.jpg 1400w\" sizes=\"auto, (max-width: 750px) 100vw, 750px\" \/><\/a><\/p>\n<p><span style=\"color: #000000;\">Yeah, it doesn't sound bad at all. And although I must say it is not light, it is easy and comfortable when you play. It lets you play whatever you want the way you want to play, expressing all the intensity and dynamics of your performance because she has a pure heart.<\/span><\/p>\n<p><a href=\"https:\/\/www.guitarrasesquivias.com\/wp-content\/uploads\/2019\/09\/IMG_3101.jpg\"><img loading=\"lazy\" decoding=\"async\" src=\"https:\/\/www.guitarrasesquivias.com\/wp-content\/uploads\/2019\/09\/IMG_3101-1024x596.jpg\" alt=\"\" width=\"750\" height=\"437\" class=\"aligncenter wp-image-3321 size-large\" srcset=\"https:\/\/www.guitarrasesquivias.com\/wp-content\/uploads\/2019\/09\/IMG_3101-1024x596.jpg 1024w, https:\/\/www.guitarrasesquivias.com\/wp-content\/uploads\/2019\/09\/IMG_3101-300x175.jpg 300w, https:\/\/www.guitarrasesquivias.com\/wp-content\/uploads\/2019\/09\/IMG_3101-768x447.jpg 768w, https:\/\/www.guitarrasesquivias.com\/wp-content\/uploads\/2019\/09\/IMG_3101.jpg 1400w\" sizes=\"auto, (max-width: 750px) 100vw, 750px\" \/><\/a><\/p>\n<p><a href=\"https:\/\/www.guitarrasesquivias.com\/wp-content\/uploads\/2019\/09\/IMG_3102.jpg\"><img loading=\"lazy\" decoding=\"async\" src=\"https:\/\/www.guitarrasesquivias.com\/wp-content\/uploads\/2019\/09\/IMG_3102-1024x682.jpg\" alt=\"\" width=\"750\" height=\"500\" class=\"aligncenter wp-image-3322 size-large\" srcset=\"https:\/\/www.guitarrasesquivias.com\/wp-content\/uploads\/2019\/09\/IMG_3102-1024x682.jpg 1024w, https:\/\/www.guitarrasesquivias.com\/wp-content\/uploads\/2019\/09\/IMG_3102-300x200.jpg 300w, https:\/\/www.guitarrasesquivias.com\/wp-content\/uploads\/2019\/09\/IMG_3102-768x512.jpg 768w, https:\/\/www.guitarrasesquivias.com\/wp-content\/uploads\/2019\/09\/IMG_3102-360x240.jpg 360w, https:\/\/www.guitarrasesquivias.com\/wp-content\/uploads\/2019\/09\/IMG_3102.jpg 1400w\" sizes=\"auto, (max-width: 750px) 100vw, 750px\" \/><\/a><\/p>\n<hr>","protected":false},"excerpt":{"rendered":"<p>Informaci\u00f3n y especificaciones en: Laperrasa Laperrasa es una guitarra el\u00e9ctrica Esquivias&nbsp;Especial de imitaci\u00f3n. M\u00e1stil encolado con el \u00e1ngulo justo, cuerpo con tapa tallada, barnizado de gomalaca y m\u00e1s. Ya suena bien sin enchufar pero cuando lo haces, del amplificador sale un sonido glorioso que no te lo crees. S\u00ed, no [&hellip;]<\/p>\n","protected":false},"author":1,"featured_media":0,"parent":0,"menu_order":0,"comment_status":"closed","ping_status":"closed","template":"","meta":{"footnotes":""},"class_list":["post-569","page","type-page","status-publish","hentry"],"_links":{"self":[{"href":"https:\/\/www.guitarrasesquivias.com\/en\/wp-json\/wp\/v2\/pages\/569","targetHints":{"allow":["GET"]}}],"collection":[{"href":"https:\/\/www.guitarrasesquivias.com\/en\/wp-json\/wp\/v2\/pages"}],"about":[{"href":"https:\/\/www.guitarrasesquivias.com\/en\/wp-json\/wp\/v2\/types\/page"}],"author":[{"embeddable":true,"href":"https:\/\/www.guitarrasesquivias.com\/en\/wp-json\/wp\/v2\/users\/1"}],"replies":[{"embeddable":true,"href":"https:\/\/www.guitarrasesquivias.com\/en\/wp-json\/wp\/v2\/comments?post=569"}],"version-history":[{"count":2,"href":"https:\/\/www.guitarrasesquivias.com\/en\/wp-json\/wp\/v2\/pages\/569\/revisions"}],"predecessor-version":[{"id":4400,"href":"https:\/\/www.guitarrasesquivias.com\/en\/wp-json\/wp\/v2\/pages\/569\/revisions\/4400"}],"wp:attachment":[{"href":"https:\/\/www.guitarrasesquivias.com\/en\/wp-json\/wp\/v2\/media?parent=569"}],"curies":[{"name":"wp","href":"https:\/\/api.w.org\/{rel}","templated":true}]}}