{"id":571,"date":"2018-03-11T20:38:04","date_gmt":"2018-03-11T19:38:04","guid":{"rendered":"https:\/\/www.guitarrasesquivias.com\/?page_id=571"},"modified":"2020-12-06T17:11:44","modified_gmt":"2020-12-06T16:11:44","slug":"lamarilla","status":"publish","type":"page","link":"https:\/\/www.guitarrasesquivias.com\/en\/lamarilla\/","title":{"rendered":"Lamarilla"},"content":{"rendered":"<p>Information and specifications in:<\/p>\n<h1><strong><span style=\"color: #99cc00;\"><a href=\"https:\/\/www.guitarrasesquivias.com\/wp-content\/uploads\/2020\/12\/INFO-Lamarilla.pdf\">Lamarilla<\/a><\/span><\/strong><\/h1>\n<hr \/>\n<p><span style=\"color: #000000;\">Lamarilla is an Esquivias Piscis Special electric guitar.<\/span><\/p>\n<p><a href=\"https:\/\/www.guitarrasesquivias.com\/wp-content\/uploads\/2019\/09\/IMG_3045.jpg\"><img loading=\"lazy\" decoding=\"async\" src=\"https:\/\/www.guitarrasesquivias.com\/wp-content\/uploads\/2019\/09\/IMG_3045-1024x458.jpg\" alt=\"\" width=\"750\" height=\"335\" class=\"aligncenter wp-image-3303 size-large\" srcset=\"https:\/\/www.guitarrasesquivias.com\/wp-content\/uploads\/2019\/09\/IMG_3045-1024x458.jpg 1024w, https:\/\/www.guitarrasesquivias.com\/wp-content\/uploads\/2019\/09\/IMG_3045-300x134.jpg 300w, https:\/\/www.guitarrasesquivias.com\/wp-content\/uploads\/2019\/09\/IMG_3045-768x343.jpg 768w, https:\/\/www.guitarrasesquivias.com\/wp-content\/uploads\/2019\/09\/IMG_3045.jpg 1400w\" sizes=\"auto, (max-width: 750px) 100vw, 750px\" \/><\/a><\/p>\n<p><a href=\"https:\/\/www.guitarrasesquivias.com\/wp-content\/uploads\/2019\/09\/IMG_3076.jpg\"><img loading=\"lazy\" decoding=\"async\" src=\"https:\/\/www.guitarrasesquivias.com\/wp-content\/uploads\/2019\/09\/IMG_3076-1024x466.jpg\" alt=\"\" width=\"750\" height=\"341\" class=\"aligncenter wp-image-3305 size-large\" srcset=\"https:\/\/www.guitarrasesquivias.com\/wp-content\/uploads\/2019\/09\/IMG_3076-1024x466.jpg 1024w, https:\/\/www.guitarrasesquivias.com\/wp-content\/uploads\/2019\/09\/IMG_3076-300x137.jpg 300w, https:\/\/www.guitarrasesquivias.com\/wp-content\/uploads\/2019\/09\/IMG_3076-768x349.jpg 768w, https:\/\/www.guitarrasesquivias.com\/wp-content\/uploads\/2019\/09\/IMG_3076.jpg 1400w\" sizes=\"auto, (max-width: 750px) 100vw, 750px\" \/><\/a><\/p>\n<p><span style=\"color: #000000;\">Another Piscis guitar but with a slight variation in design and that because of the slightly narrower laminated neck, not thin, suits guitarists who have smaller hands because of the thirty-eight millimeters wide at the nut. <\/span><\/p>\n<p><a href=\"https:\/\/www.guitarrasesquivias.com\/wp-content\/uploads\/2019\/09\/IMG_3046.jpg\"><img loading=\"lazy\" decoding=\"async\" src=\"https:\/\/www.guitarrasesquivias.com\/wp-content\/uploads\/2019\/09\/IMG_3046-1024x824.jpg\" alt=\"\" width=\"750\" height=\"604\" class=\"aligncenter wp-image-3304 size-large\" srcset=\"https:\/\/www.guitarrasesquivias.com\/wp-content\/uploads\/2019\/09\/IMG_3046-1024x824.jpg 1024w, https:\/\/www.guitarrasesquivias.com\/wp-content\/uploads\/2019\/09\/IMG_3046-300x241.jpg 300w, https:\/\/www.guitarrasesquivias.com\/wp-content\/uploads\/2019\/09\/IMG_3046-768x618.jpg 768w, https:\/\/www.guitarrasesquivias.com\/wp-content\/uploads\/2019\/09\/IMG_3046.jpg 1400w\" sizes=\"auto, (max-width: 750px) 100vw, 750px\" \/><\/a><\/p>\n<p><span style=\"color: #000000;\">The fact is that its sound is full and has its own nuances. In the deep end it shows a primary beauty of natural knots. In addition, the mast and frets work was incredible and all its settings are very good so it can be played with no effort.<\/span><\/p>\n<p><a href=\"https:\/\/www.guitarrasesquivias.com\/wp-content\/uploads\/2019\/09\/IMG_3117.jpg\"><img loading=\"lazy\" decoding=\"async\" src=\"https:\/\/www.guitarrasesquivias.com\/wp-content\/uploads\/2019\/09\/IMG_3117-1024x609.jpg\" alt=\"\" width=\"750\" height=\"446\" class=\"aligncenter wp-image-3307 size-large\" srcset=\"https:\/\/www.guitarrasesquivias.com\/wp-content\/uploads\/2019\/09\/IMG_3117-1024x609.jpg 1024w, https:\/\/www.guitarrasesquivias.com\/wp-content\/uploads\/2019\/09\/IMG_3117-300x178.jpg 300w, https:\/\/www.guitarrasesquivias.com\/wp-content\/uploads\/2019\/09\/IMG_3117-768x456.jpg 768w, https:\/\/www.guitarrasesquivias.com\/wp-content\/uploads\/2019\/09\/IMG_3117.jpg 1400w\" sizes=\"auto, (max-width: 750px) 100vw, 750px\" \/><\/a><\/p>\n<p><a href=\"https:\/\/www.guitarrasesquivias.com\/wp-content\/uploads\/2019\/09\/IMG_3116.jpg\"><img loading=\"lazy\" decoding=\"async\" src=\"https:\/\/www.guitarrasesquivias.com\/wp-content\/uploads\/2019\/09\/IMG_3116-1024x662.jpg\" alt=\"\" width=\"750\" height=\"485\" class=\"aligncenter wp-image-3306 size-large\" srcset=\"https:\/\/www.guitarrasesquivias.com\/wp-content\/uploads\/2019\/09\/IMG_3116-1024x662.jpg 1024w, https:\/\/www.guitarrasesquivias.com\/wp-content\/uploads\/2019\/09\/IMG_3116-300x194.jpg 300w, https:\/\/www.guitarrasesquivias.com\/wp-content\/uploads\/2019\/09\/IMG_3116-768x496.jpg 768w, https:\/\/www.guitarrasesquivias.com\/wp-content\/uploads\/2019\/09\/IMG_3116.jpg 1400w\" sizes=\"auto, (max-width: 750px) 100vw, 750px\" \/><\/a><\/p>\n<hr \/>","protected":false},"excerpt":{"rendered":"<p>Informaci\u00f3n y especificaciones en: Lamarilla Lamarilla es una guitarra el\u00e9ctrica Esquivias Piscis Especial. Otra guitarra Piscis pero con una leve variaci\u00f3n de dise\u00f1o y que por lo ligeramente m\u00e1s estrecho de su m\u00e1stil laminado, que no delgado, sienta bien a guitarristas con manos m\u00e1s peque\u00f1as por los treinta y ocho [&hellip;]<\/p>\n","protected":false},"author":1,"featured_media":0,"parent":0,"menu_order":0,"comment_status":"closed","ping_status":"closed","template":"","meta":{"footnotes":""},"class_list":["post-571","page","type-page","status-publish","hentry"],"_links":{"self":[{"href":"https:\/\/www.guitarrasesquivias.com\/en\/wp-json\/wp\/v2\/pages\/571","targetHints":{"allow":["GET"]}}],"collection":[{"href":"https:\/\/www.guitarrasesquivias.com\/en\/wp-json\/wp\/v2\/pages"}],"about":[{"href":"https:\/\/www.guitarrasesquivias.com\/en\/wp-json\/wp\/v2\/types\/page"}],"author":[{"embeddable":true,"href":"https:\/\/www.guitarrasesquivias.com\/en\/wp-json\/wp\/v2\/users\/1"}],"replies":[{"embeddable":true,"href":"https:\/\/www.guitarrasesquivias.com\/en\/wp-json\/wp\/v2\/comments?post=571"}],"version-history":[{"count":2,"href":"https:\/\/www.guitarrasesquivias.com\/en\/wp-json\/wp\/v2\/pages\/571\/revisions"}],"predecessor-version":[{"id":4101,"href":"https:\/\/www.guitarrasesquivias.com\/en\/wp-json\/wp\/v2\/pages\/571\/revisions\/4101"}],"wp:attachment":[{"href":"https:\/\/www.guitarrasesquivias.com\/en\/wp-json\/wp\/v2\/media?parent=571"}],"curies":[{"name":"wp","href":"https:\/\/api.w.org\/{rel}","templated":true}]}}