{"id":601,"date":"2018-03-13T16:53:44","date_gmt":"2018-03-13T15:53:44","guid":{"rendered":"https:\/\/www.guitarrasesquivias.com\/?page_id=601"},"modified":"2020-07-17T13:32:54","modified_gmt":"2020-07-17T11:32:54","slug":"lablanca","status":"publish","type":"page","link":"https:\/\/www.guitarrasesquivias.com\/en\/lablanca\/","title":{"rendered":"Lablanca"},"content":{"rendered":"<p><span style=\"color: #000000;\">Information and specifications in:<\/span><\/p>\n<h1><span style=\"color: #000000;\"><span style=\"color: #99cc00;\"><a href=\"https:\/\/www.guitarrasesquivias.com\/wp-content\/uploads\/2020\/07\/Espec.-Lablanca.pdf\" style=\"color: #99cc00;\"><strong>Lablanca<\/strong><\/a><\/span><\/span><\/h1>\n<hr \/>\n<p>Lablanca: Esquivias Standard imitation series.<\/p>\n<p><a href=\"https:\/\/www.guitarrasesquivias.com\/wp-content\/uploads\/2019\/09\/IMG_3042.jpg\"><img loading=\"lazy\" decoding=\"async\" src=\"https:\/\/www.guitarrasesquivias.com\/wp-content\/uploads\/2019\/09\/IMG_3042-1024x418.jpg\" alt=\"\" width=\"750\" height=\"306\" class=\"aligncenter wp-image-3287 size-large\" srcset=\"https:\/\/www.guitarrasesquivias.com\/wp-content\/uploads\/2019\/09\/IMG_3042-1024x418.jpg 1024w, https:\/\/www.guitarrasesquivias.com\/wp-content\/uploads\/2019\/09\/IMG_3042-300x122.jpg 300w, https:\/\/www.guitarrasesquivias.com\/wp-content\/uploads\/2019\/09\/IMG_3042-768x313.jpg 768w, https:\/\/www.guitarrasesquivias.com\/wp-content\/uploads\/2019\/09\/IMG_3042.jpg 1400w\" sizes=\"auto, (max-width: 750px) 100vw, 750px\" \/><\/a><\/p>\n<p><a href=\"https:\/\/www.guitarrasesquivias.com\/wp-content\/uploads\/2019\/09\/IMG_3072.jpg\"><img loading=\"lazy\" decoding=\"async\" src=\"https:\/\/www.guitarrasesquivias.com\/wp-content\/uploads\/2019\/09\/IMG_3072-1024x432.jpg\" alt=\"\" width=\"750\" height=\"316\" class=\"aligncenter wp-image-3288 size-large\" srcset=\"https:\/\/www.guitarrasesquivias.com\/wp-content\/uploads\/2019\/09\/IMG_3072-1024x432.jpg 1024w, https:\/\/www.guitarrasesquivias.com\/wp-content\/uploads\/2019\/09\/IMG_3072-300x126.jpg 300w, https:\/\/www.guitarrasesquivias.com\/wp-content\/uploads\/2019\/09\/IMG_3072-768x324.jpg 768w, https:\/\/www.guitarrasesquivias.com\/wp-content\/uploads\/2019\/09\/IMG_3072.jpg 1400w\" sizes=\"auto, (max-width: 750px) 100vw, 750px\" \/><\/a><\/p>\n<p>A classic, timeless and eternal model. Although I have never liked gold color very much, I think that the translucent white contrast of the body with the dark tone of the rosewood makes for a distinguished and elegant guitar.<\/p>\n<p><a href=\"https:\/\/www.guitarrasesquivias.com\/wp-content\/uploads\/2019\/09\/IMG_3041.jpg\"><img loading=\"lazy\" decoding=\"async\" src=\"https:\/\/www.guitarrasesquivias.com\/wp-content\/uploads\/2019\/09\/IMG_3041-1024x832.jpg\" alt=\"\" width=\"750\" height=\"609\" class=\"aligncenter wp-image-3286 size-large\" srcset=\"https:\/\/www.guitarrasesquivias.com\/wp-content\/uploads\/2019\/09\/IMG_3041-1024x832.jpg 1024w, https:\/\/www.guitarrasesquivias.com\/wp-content\/uploads\/2019\/09\/IMG_3041-300x244.jpg 300w, https:\/\/www.guitarrasesquivias.com\/wp-content\/uploads\/2019\/09\/IMG_3041-768x624.jpg 768w, https:\/\/www.guitarrasesquivias.com\/wp-content\/uploads\/2019\/09\/IMG_3041.jpg 1400w\" sizes=\"auto, (max-width: 750px) 100vw, 750px\" \/><\/a><\/p>\n<p>It has that characteristic sound of the famous guitars it emulates. Its proper fit and stability allows you to play with ease, which is also helped by its thin and smooth neck. Of course, there will be other better options if you are in Alejandro S.'s band, but it is perfect for playing in your band and providing a touch of distinction and style.<\/p>\n<p><a href=\"https:\/\/www.guitarrasesquivias.com\/wp-content\/uploads\/2019\/09\/IMG_3108.jpg\"><img loading=\"lazy\" decoding=\"async\" src=\"https:\/\/www.guitarrasesquivias.com\/wp-content\/uploads\/2019\/09\/IMG_3108-1024x660.jpg\" alt=\"\" width=\"750\" height=\"483\" class=\"aligncenter wp-image-3290 size-large\" srcset=\"https:\/\/www.guitarrasesquivias.com\/wp-content\/uploads\/2019\/09\/IMG_3108-1024x660.jpg 1024w, https:\/\/www.guitarrasesquivias.com\/wp-content\/uploads\/2019\/09\/IMG_3108-300x194.jpg 300w, https:\/\/www.guitarrasesquivias.com\/wp-content\/uploads\/2019\/09\/IMG_3108-768x495.jpg 768w, https:\/\/www.guitarrasesquivias.com\/wp-content\/uploads\/2019\/09\/IMG_3108.jpg 1400w\" sizes=\"auto, (max-width: 750px) 100vw, 750px\" \/><\/a><\/p>\n<p><a href=\"https:\/\/www.guitarrasesquivias.com\/wp-content\/uploads\/2019\/09\/IMG_3107.jpg\"><img loading=\"lazy\" decoding=\"async\" src=\"https:\/\/www.guitarrasesquivias.com\/wp-content\/uploads\/2019\/09\/IMG_3107-1024x609.jpg\" alt=\"\" width=\"750\" height=\"446\" class=\"aligncenter wp-image-3289 size-large\" srcset=\"https:\/\/www.guitarrasesquivias.com\/wp-content\/uploads\/2019\/09\/IMG_3107-1024x609.jpg 1024w, https:\/\/www.guitarrasesquivias.com\/wp-content\/uploads\/2019\/09\/IMG_3107-300x179.jpg 300w, https:\/\/www.guitarrasesquivias.com\/wp-content\/uploads\/2019\/09\/IMG_3107-768x457.jpg 768w, https:\/\/www.guitarrasesquivias.com\/wp-content\/uploads\/2019\/09\/IMG_3107.jpg 1400w\" sizes=\"auto, (max-width: 750px) 100vw, 750px\" \/><\/a><\/p>\n<hr \/>\n\n\n<p><\/p>","protected":false},"excerpt":{"rendered":"<p>Informaci\u00f3n y especificaciones en: Lablanca Lablanca: Esquivias serie Est\u00e1ndar de imitaci\u00f3n. Un modelo cl\u00e1sico, atemporal y eterno. Aunque el dorado nunca me ha gustado demasiado, pienso que el contraste blanco transl\u00facido del cuerpo con el tono oscuro del palosanto consigue una guitarra distinguida y elegante. Tiene ese sonido caracter\u00edstico de [&hellip;]<\/p>\n","protected":false},"author":1,"featured_media":0,"parent":0,"menu_order":0,"comment_status":"closed","ping_status":"closed","template":"","meta":{"footnotes":""},"class_list":["post-601","page","type-page","status-publish","hentry"],"_links":{"self":[{"href":"https:\/\/www.guitarrasesquivias.com\/en\/wp-json\/wp\/v2\/pages\/601","targetHints":{"allow":["GET"]}}],"collection":[{"href":"https:\/\/www.guitarrasesquivias.com\/en\/wp-json\/wp\/v2\/pages"}],"about":[{"href":"https:\/\/www.guitarrasesquivias.com\/en\/wp-json\/wp\/v2\/types\/page"}],"author":[{"embeddable":true,"href":"https:\/\/www.guitarrasesquivias.com\/en\/wp-json\/wp\/v2\/users\/1"}],"replies":[{"embeddable":true,"href":"https:\/\/www.guitarrasesquivias.com\/en\/wp-json\/wp\/v2\/comments?post=601"}],"version-history":[{"count":0,"href":"https:\/\/www.guitarrasesquivias.com\/en\/wp-json\/wp\/v2\/pages\/601\/revisions"}],"wp:attachment":[{"href":"https:\/\/www.guitarrasesquivias.com\/en\/wp-json\/wp\/v2\/media?parent=601"}],"curies":[{"name":"wp","href":"https:\/\/api.w.org\/{rel}","templated":true}]}}