{"id":603,"date":"2018-03-13T16:54:22","date_gmt":"2018-03-13T15:54:22","guid":{"rendered":"https:\/\/www.guitarrasesquivias.com\/?page_id=603"},"modified":"2020-12-04T20:42:46","modified_gmt":"2020-12-04T19:42:46","slug":"larroja","status":"publish","type":"page","link":"https:\/\/www.guitarrasesquivias.com\/en\/larroja\/","title":{"rendered":"Larroja"},"content":{"rendered":"<p>Information and specifications in:<\/p>\n<h1><a href=\"https:\/\/www.guitarrasesquivias.com\/wp-content\/uploads\/2020\/12\/INFO-Larroja.pdf\"><strong><span style=\"color: #99cc00;\">Larroja<\/span><\/strong><\/a><\/h1>\n<hr \/>\n<p><span style=\"color: #000000;\">Larroja is an electric guitar Esquivias Haba Especial.<\/span><\/p>\n<p><a href=\"https:\/\/www.guitarrasesquivias.com\/wp-content\/uploads\/2019\/09\/IMG_3050.jpg\"><img loading=\"lazy\" decoding=\"async\" src=\"https:\/\/www.guitarrasesquivias.com\/wp-content\/uploads\/2019\/09\/IMG_3050-1024x492.jpg\" alt=\"\" width=\"750\" height=\"360\" class=\"aligncenter wp-image-3324 size-large\" srcset=\"https:\/\/www.guitarrasesquivias.com\/wp-content\/uploads\/2019\/09\/IMG_3050-1024x492.jpg 1024w, https:\/\/www.guitarrasesquivias.com\/wp-content\/uploads\/2019\/09\/IMG_3050-300x144.jpg 300w, https:\/\/www.guitarrasesquivias.com\/wp-content\/uploads\/2019\/09\/IMG_3050-768x369.jpg 768w, https:\/\/www.guitarrasesquivias.com\/wp-content\/uploads\/2019\/09\/IMG_3050.jpg 1400w\" sizes=\"auto, (max-width: 750px) 100vw, 750px\" \/><\/a><\/p>\n<p><a href=\"https:\/\/www.guitarrasesquivias.com\/wp-content\/uploads\/2019\/09\/IMG_3080.jpg\"><img loading=\"lazy\" decoding=\"async\" src=\"https:\/\/www.guitarrasesquivias.com\/wp-content\/uploads\/2019\/09\/IMG_3080-1024x452.jpg\" alt=\"\" width=\"750\" height=\"331\" class=\"aligncenter wp-image-3325 size-large\" srcset=\"https:\/\/www.guitarrasesquivias.com\/wp-content\/uploads\/2019\/09\/IMG_3080-1024x452.jpg 1024w, https:\/\/www.guitarrasesquivias.com\/wp-content\/uploads\/2019\/09\/IMG_3080-300x132.jpg 300w, https:\/\/www.guitarrasesquivias.com\/wp-content\/uploads\/2019\/09\/IMG_3080-768x339.jpg 768w, https:\/\/www.guitarrasesquivias.com\/wp-content\/uploads\/2019\/09\/IMG_3080.jpg 1400w\" sizes=\"auto, (max-width: 750px) 100vw, 750px\" \/><\/a><\/p>\n<p><span style=\"color: #000000;\">Premiere of the Haba model. This electric guitar exhibits a dangerously seductive profile, a shamelessly suggestive figure and a boldly attractive silhouette. Let it be known that this is a humble opinion. Mine only. The process of creating the neck fascinates me. For me it is very special, laminated especially. I like them as much for their appearance and quality as for the good stability they offer. This electric guitar has one composed of two pieces of American hard maple and one of bubinga with chestnut veneers in between. It has pao ferro on its fourteen inch radius fretboard and has a somewhat bold size because it is flat instead of the rounded shape of C, D, U... Rather it is an E with the edges of the edges softened. The whole set itself may be risky but it works wonderfully although I have to admit that, of course, it can be improved according to which hand. How does it sound? Unbelievable, and how do you play that daring mast? I find it different for my taste and hands. Different. But without impediments and perfect, at least, for my cousin Javier. Well, you know: it depends.<\/span><\/p>\n<p><a href=\"https:\/\/www.guitarrasesquivias.com\/wp-content\/uploads\/2019\/09\/IMG_3050-2.jpg\"><img loading=\"lazy\" decoding=\"async\" src=\"https:\/\/www.guitarrasesquivias.com\/wp-content\/uploads\/2019\/09\/IMG_3050-2-1024x846.jpg\" alt=\"\" width=\"750\" height=\"620\" class=\"aligncenter wp-image-3323 size-large\" srcset=\"https:\/\/www.guitarrasesquivias.com\/wp-content\/uploads\/2019\/09\/IMG_3050-2-1024x846.jpg 1024w, https:\/\/www.guitarrasesquivias.com\/wp-content\/uploads\/2019\/09\/IMG_3050-2-300x248.jpg 300w, https:\/\/www.guitarrasesquivias.com\/wp-content\/uploads\/2019\/09\/IMG_3050-2-768x635.jpg 768w, https:\/\/www.guitarrasesquivias.com\/wp-content\/uploads\/2019\/09\/IMG_3050-2.jpg 1400w\" sizes=\"auto, (max-width: 750px) 100vw, 750px\" \/><\/a><\/p>\n<p><span style=\"color: #000000;\">The action was correct but a bit high to play comfortably in the treble area. Not anymore. Now it's pretty low and it's a pleasure to walk easily up and down your fretboard enjoying optimal octavation. To all this, and more in this particular guitar, I would add a unique bright sound, an improved and responsive touch and a natural striking aesthetic.<\/span><\/p>\n<p><a href=\"https:\/\/www.guitarrasesquivias.com\/wp-content\/uploads\/2019\/09\/IMG_3135.jpg\"><img loading=\"lazy\" decoding=\"async\" src=\"https:\/\/www.guitarrasesquivias.com\/wp-content\/uploads\/2019\/09\/IMG_3135-1024x682.jpg\" alt=\"\" width=\"750\" height=\"500\" class=\"aligncenter wp-image-3326 size-large\" srcset=\"https:\/\/www.guitarrasesquivias.com\/wp-content\/uploads\/2019\/09\/IMG_3135-1024x682.jpg 1024w, https:\/\/www.guitarrasesquivias.com\/wp-content\/uploads\/2019\/09\/IMG_3135-300x200.jpg 300w, https:\/\/www.guitarrasesquivias.com\/wp-content\/uploads\/2019\/09\/IMG_3135-768x512.jpg 768w, https:\/\/www.guitarrasesquivias.com\/wp-content\/uploads\/2019\/09\/IMG_3135-360x240.jpg 360w, https:\/\/www.guitarrasesquivias.com\/wp-content\/uploads\/2019\/09\/IMG_3135.jpg 1400w\" sizes=\"auto, (max-width: 750px) 100vw, 750px\" \/><\/a><\/p>\n<p><a href=\"https:\/\/www.guitarrasesquivias.com\/wp-content\/uploads\/2019\/09\/IMG_3137.jpg\"><img loading=\"lazy\" decoding=\"async\" src=\"https:\/\/www.guitarrasesquivias.com\/wp-content\/uploads\/2019\/09\/IMG_3137-1024x607.jpg\" alt=\"\" width=\"750\" height=\"445\" class=\"aligncenter wp-image-3327 size-large\" srcset=\"https:\/\/www.guitarrasesquivias.com\/wp-content\/uploads\/2019\/09\/IMG_3137-1024x607.jpg 1024w, https:\/\/www.guitarrasesquivias.com\/wp-content\/uploads\/2019\/09\/IMG_3137-300x178.jpg 300w, https:\/\/www.guitarrasesquivias.com\/wp-content\/uploads\/2019\/09\/IMG_3137-768x455.jpg 768w, https:\/\/www.guitarrasesquivias.com\/wp-content\/uploads\/2019\/09\/IMG_3137.jpg 1400w\" sizes=\"auto, (max-width: 750px) 100vw, 750px\" \/><\/a><\/p>\n<hr \/>","protected":false},"excerpt":{"rendered":"<p>Informaci\u00f3n y especificaciones en: Larroja Larroja es una guitarra el\u00e9ctrica Esquivias Haba Especial. Estreno el dise\u00f1o Haba. Esta guitarra el\u00e9ctrica exhibe un perfil peligrosamente seductor, una figura descaradamente sugerente y una silueta audazmente atractiva. Conste que es una humilde opini\u00f3n. La m\u00eda s\u00f3lamente. El proceso de creaci\u00f3n del m\u00e1stil me [&hellip;]<\/p>\n","protected":false},"author":1,"featured_media":0,"parent":0,"menu_order":0,"comment_status":"closed","ping_status":"closed","template":"","meta":{"footnotes":""},"class_list":["post-603","page","type-page","status-publish","hentry"],"_links":{"self":[{"href":"https:\/\/www.guitarrasesquivias.com\/en\/wp-json\/wp\/v2\/pages\/603","targetHints":{"allow":["GET"]}}],"collection":[{"href":"https:\/\/www.guitarrasesquivias.com\/en\/wp-json\/wp\/v2\/pages"}],"about":[{"href":"https:\/\/www.guitarrasesquivias.com\/en\/wp-json\/wp\/v2\/types\/page"}],"author":[{"embeddable":true,"href":"https:\/\/www.guitarrasesquivias.com\/en\/wp-json\/wp\/v2\/users\/1"}],"replies":[{"embeddable":true,"href":"https:\/\/www.guitarrasesquivias.com\/en\/wp-json\/wp\/v2\/comments?post=603"}],"version-history":[{"count":1,"href":"https:\/\/www.guitarrasesquivias.com\/en\/wp-json\/wp\/v2\/pages\/603\/revisions"}],"predecessor-version":[{"id":4087,"href":"https:\/\/www.guitarrasesquivias.com\/en\/wp-json\/wp\/v2\/pages\/603\/revisions\/4087"}],"wp:attachment":[{"href":"https:\/\/www.guitarrasesquivias.com\/en\/wp-json\/wp\/v2\/media?parent=603"}],"curies":[{"name":"wp","href":"https:\/\/api.w.org\/{rel}","templated":true}]}}