{"id":605,"date":"2018-03-13T16:55:23","date_gmt":"2018-03-13T15:55:23","guid":{"rendered":"https:\/\/www.guitarrasesquivias.com\/?page_id=605"},"modified":"2020-12-04T20:50:47","modified_gmt":"2020-12-04T19:50:47","slug":"lamanchazul","status":"publish","type":"page","link":"https:\/\/www.guitarrasesquivias.com\/en\/lamanchazul\/","title":{"rendered":"Lamanchazul"},"content":{"rendered":"<p>Information and specifications in:<\/p>\n<h1><a href=\"https:\/\/www.guitarrasesquivias.com\/wp-content\/uploads\/2020\/12\/INFO-Lamanchazul.pdf\"><strong><span style=\"color: #99cc00;\">Lamanchazul<\/span><\/strong><\/a><\/h1>\n<hr \/>\n<p><span style=\"color: #000000;\">Lamanchazul: electric guitar Esquivias Special series, original model Haba.<\/span><\/p>\n<p><a href=\"https:\/\/www.guitarrasesquivias.com\/wp-content\/uploads\/2019\/09\/IMG_3051.jpg\"><img loading=\"lazy\" decoding=\"async\" src=\"https:\/\/www.guitarrasesquivias.com\/wp-content\/uploads\/2019\/09\/IMG_3051-1024x445.jpg\" alt=\"\" width=\"750\" height=\"326\" class=\"aligncenter wp-image-3298 size-large\" srcset=\"https:\/\/www.guitarrasesquivias.com\/wp-content\/uploads\/2019\/09\/IMG_3051-1024x445.jpg 1024w, https:\/\/www.guitarrasesquivias.com\/wp-content\/uploads\/2019\/09\/IMG_3051-300x130.jpg 300w, https:\/\/www.guitarrasesquivias.com\/wp-content\/uploads\/2019\/09\/IMG_3051-768x334.jpg 768w, https:\/\/www.guitarrasesquivias.com\/wp-content\/uploads\/2019\/09\/IMG_3051.jpg 1400w\" sizes=\"auto, (max-width: 750px) 100vw, 750px\" \/><\/a><\/p>\n<p><a href=\"https:\/\/www.guitarrasesquivias.com\/wp-content\/uploads\/2019\/09\/IMG_3082.jpg\"><img loading=\"lazy\" decoding=\"async\" src=\"https:\/\/www.guitarrasesquivias.com\/wp-content\/uploads\/2019\/09\/IMG_3082-1024x455.jpg\" alt=\"\" width=\"750\" height=\"333\" class=\"aligncenter wp-image-3299 size-large\" srcset=\"https:\/\/www.guitarrasesquivias.com\/wp-content\/uploads\/2019\/09\/IMG_3082-1024x455.jpg 1024w, https:\/\/www.guitarrasesquivias.com\/wp-content\/uploads\/2019\/09\/IMG_3082-300x133.jpg 300w, https:\/\/www.guitarrasesquivias.com\/wp-content\/uploads\/2019\/09\/IMG_3082-768x341.jpg 768w, https:\/\/www.guitarrasesquivias.com\/wp-content\/uploads\/2019\/09\/IMG_3082.jpg 1400w\" sizes=\"auto, (max-width: 750px) 100vw, 750px\" \/><\/a><\/p>\n<p><span style=\"color: #000000;\">A latent thought of design caresses me and emerges; and cleanly retouches, defines and simplifies this guitar. As soon as you take a look at it, you realize that it is a simple, direct and accessible guitar, and you want to go through all its corners. The mahogany of her body, with no recesses in the top, sides or back only one cutaway, that's all you need. You can come and go in twenty-four unrestrained steps. Her hug wakes you up. It is inciting to grasp her bubinga and maple compound neck because you don't expect such a peaceful sensation.<\/span><\/p>\n<p><a href=\"https:\/\/www.guitarrasesquivias.com\/wp-content\/uploads\/2019\/09\/IMG_3144.jpg\"><img loading=\"lazy\" decoding=\"async\" src=\"https:\/\/www.guitarrasesquivias.com\/wp-content\/uploads\/2019\/09\/IMG_3144-1024x655.jpg\" alt=\"\" width=\"750\" height=\"480\" class=\"aligncenter wp-image-3301 size-large\" srcset=\"https:\/\/www.guitarrasesquivias.com\/wp-content\/uploads\/2019\/09\/IMG_3144-1024x655.jpg 1024w, https:\/\/www.guitarrasesquivias.com\/wp-content\/uploads\/2019\/09\/IMG_3144-300x192.jpg 300w, https:\/\/www.guitarrasesquivias.com\/wp-content\/uploads\/2019\/09\/IMG_3144-768x491.jpg 768w, https:\/\/www.guitarrasesquivias.com\/wp-content\/uploads\/2019\/09\/IMG_3144.jpg 1400w\" sizes=\"auto, (max-width: 750px) 100vw, 750px\" \/><\/a><\/p>\n<p><a href=\"https:\/\/www.guitarrasesquivias.com\/wp-content\/uploads\/2019\/09\/Pala-Nariz-de-Borneo-de-Lamanchazul.jpg\"><img loading=\"lazy\" decoding=\"async\" src=\"https:\/\/www.guitarrasesquivias.com\/wp-content\/uploads\/2019\/09\/Pala-Nariz-de-Borneo-de-Lamanchazul-1024x737.jpg\" alt=\"\" width=\"750\" height=\"540\" class=\"aligncenter wp-image-3302 size-large\" srcset=\"https:\/\/www.guitarrasesquivias.com\/wp-content\/uploads\/2019\/09\/Pala-Nariz-de-Borneo-de-Lamanchazul-1024x737.jpg 1024w, https:\/\/www.guitarrasesquivias.com\/wp-content\/uploads\/2019\/09\/Pala-Nariz-de-Borneo-de-Lamanchazul-300x216.jpg 300w, https:\/\/www.guitarrasesquivias.com\/wp-content\/uploads\/2019\/09\/Pala-Nariz-de-Borneo-de-Lamanchazul-768x552.jpg 768w, https:\/\/www.guitarrasesquivias.com\/wp-content\/uploads\/2019\/09\/Pala-Nariz-de-Borneo-de-Lamanchazul.jpg 1400w\" sizes=\"auto, (max-width: 750px) 100vw, 750px\" \/><\/a><\/p>\n<p><a href=\"https:\/\/www.guitarrasesquivias.com\/wp-content\/uploads\/2019\/09\/IMG_3142.jpg\"><img loading=\"lazy\" decoding=\"async\" src=\"https:\/\/www.guitarrasesquivias.com\/wp-content\/uploads\/2019\/09\/IMG_3142-1024x706.jpg\" alt=\"\" width=\"750\" height=\"517\" class=\"aligncenter wp-image-3300 size-large\" srcset=\"https:\/\/www.guitarrasesquivias.com\/wp-content\/uploads\/2019\/09\/IMG_3142-1024x706.jpg 1024w, https:\/\/www.guitarrasesquivias.com\/wp-content\/uploads\/2019\/09\/IMG_3142-300x207.jpg 300w, https:\/\/www.guitarrasesquivias.com\/wp-content\/uploads\/2019\/09\/IMG_3142-768x529.jpg 768w, https:\/\/www.guitarrasesquivias.com\/wp-content\/uploads\/2019\/09\/IMG_3142.jpg 1400w\" sizes=\"auto, (max-width: 750px) 100vw, 750px\" \/><\/a><\/p>\n<hr \/>\n\n\n<p><\/p>","protected":false},"excerpt":{"rendered":"<p>Informaci\u00f3n y especificaciones en: Lamanchazul Lamanchazul: guitarra el\u00e9ctrica Esquivias serie Especial, modelo original Haba. Un pensamiento latente de dise\u00f1o\u00a0me acaricia y aflora; y limpiamente retoca, define y simplifica a esta guitarra. Nada m\u00e1s echarle un vistazo, te das cuenta que es una guitarra sencilla, directa y accesible, y deseas recorrer [&hellip;]<\/p>\n","protected":false},"author":1,"featured_media":0,"parent":0,"menu_order":0,"comment_status":"closed","ping_status":"closed","template":"","meta":{"footnotes":""},"class_list":["post-605","page","type-page","status-publish","hentry"],"_links":{"self":[{"href":"https:\/\/www.guitarrasesquivias.com\/en\/wp-json\/wp\/v2\/pages\/605","targetHints":{"allow":["GET"]}}],"collection":[{"href":"https:\/\/www.guitarrasesquivias.com\/en\/wp-json\/wp\/v2\/pages"}],"about":[{"href":"https:\/\/www.guitarrasesquivias.com\/en\/wp-json\/wp\/v2\/types\/page"}],"author":[{"embeddable":true,"href":"https:\/\/www.guitarrasesquivias.com\/en\/wp-json\/wp\/v2\/users\/1"}],"replies":[{"embeddable":true,"href":"https:\/\/www.guitarrasesquivias.com\/en\/wp-json\/wp\/v2\/comments?post=605"}],"version-history":[{"count":1,"href":"https:\/\/www.guitarrasesquivias.com\/en\/wp-json\/wp\/v2\/pages\/605\/revisions"}],"predecessor-version":[{"id":4093,"href":"https:\/\/www.guitarrasesquivias.com\/en\/wp-json\/wp\/v2\/pages\/605\/revisions\/4093"}],"wp:attachment":[{"href":"https:\/\/www.guitarrasesquivias.com\/en\/wp-json\/wp\/v2\/media?parent=605"}],"curies":[{"name":"wp","href":"https:\/\/api.w.org\/{rel}","templated":true}]}}