{"id":70,"date":"2018-01-14T13:51:23","date_gmt":"2018-01-14T12:51:23","guid":{"rendered":"https:\/\/www.guitarrasesquivias.com\/hestia-front\/"},"modified":"2025-07-27T13:37:38","modified_gmt":"2025-07-27T11:37:38","slug":"hestia-front","status":"publish","type":"page","link":"https:\/\/www.guitarrasesquivias.com\/en\/","title":{"rendered":"Home"},"content":{"rendered":"<p><a href=\"https:\/\/www.guitarrasesquivias.com\/en\/manifiesto\/\"><img loading=\"lazy\" decoding=\"async\" src=\"https:\/\/www.guitarrasesquivias.com\/wp-content\/uploads\/2018\/01\/Logo-blanco.png\" alt=\"\" width=\"580\" height=\"217\" class=\"aligncenter wp-image-8\" srcset=\"https:\/\/www.guitarrasesquivias.com\/wp-content\/uploads\/2018\/01\/Logo-blanco.png 800w, https:\/\/www.guitarrasesquivias.com\/wp-content\/uploads\/2018\/01\/Logo-blanco-300x113.png 300w, https:\/\/www.guitarrasesquivias.com\/wp-content\/uploads\/2018\/01\/Logo-blanco-768x288.png 768w\" sizes=\"auto, (max-width: 580px) 100vw, 580px\" \/><\/a><\/p>\n<h1 style=\"text-align: center;\"><a href=\"https:\/\/www.guitarrasesquivias.com\/wp-content\/uploads\/2020\/08\/OPCIONES-cata\u0301logo-Guitarras-Esquivias.pdf\"><strong><em><span style=\"color: #118217;\">Handcrafted Electric Guitars<\/span><\/em><\/strong><span style=\"color: #118217;\">\u00a0 Esquivias<\/span><\/a><\/h1>\n<p style=\"text-align: center;\"><span style=\"color: #ccffcc;\"><strong>As a craftsman, I am excited to design and build this basic, essential, and necessary instrument that enhances technique and boosts the musician's expressiveness: I build<\/strong><\/span><span style=\"color: #ccffcc;\"><strong>\u00a0those other guitars for those other guitarists.<\/strong><\/span><\/p>\n\n\n<p><\/p>","protected":false},"excerpt":{"rendered":"<p>Guitarras El\u00e9ctricas Artesanales\u00a0 Esquivias \u00abComo artesano, siento ilusi\u00f3n por dise\u00f1ar y construir ese instrumento b\u00e1sico, esencial y necesario que favorezca la t\u00e9cnica\u00a0 e impulse la expresividad del m\u00fasico: construyo\u00a0esas otras guitarras para esos otros guitarristas\u00bb<\/p>","protected":false},"author":1,"featured_media":1732,"parent":0,"menu_order":0,"comment_status":"closed","ping_status":"closed","template":"","meta":{"footnotes":""},"class_list":["post-70","page","type-page","status-publish","has-post-thumbnail","hentry"],"_links":{"self":[{"href":"https:\/\/www.guitarrasesquivias.com\/en\/wp-json\/wp\/v2\/pages\/70","targetHints":{"allow":["GET"]}}],"collection":[{"href":"https:\/\/www.guitarrasesquivias.com\/en\/wp-json\/wp\/v2\/pages"}],"about":[{"href":"https:\/\/www.guitarrasesquivias.com\/en\/wp-json\/wp\/v2\/types\/page"}],"author":[{"embeddable":true,"href":"https:\/\/www.guitarrasesquivias.com\/en\/wp-json\/wp\/v2\/users\/1"}],"replies":[{"embeddable":true,"href":"https:\/\/www.guitarrasesquivias.com\/en\/wp-json\/wp\/v2\/comments?post=70"}],"version-history":[{"count":3,"href":"https:\/\/www.guitarrasesquivias.com\/en\/wp-json\/wp\/v2\/pages\/70\/revisions"}],"predecessor-version":[{"id":4871,"href":"https:\/\/www.guitarrasesquivias.com\/en\/wp-json\/wp\/v2\/pages\/70\/revisions\/4871"}],"wp:featuredmedia":[{"embeddable":true,"href":"https:\/\/www.guitarrasesquivias.com\/en\/wp-json\/wp\/v2\/media\/1732"}],"wp:attachment":[{"href":"https:\/\/www.guitarrasesquivias.com\/en\/wp-json\/wp\/v2\/media?parent=70"}],"curies":[{"name":"wp","href":"https:\/\/api.w.org\/{rel}","templated":true}]}}